{"id":26614,"date":"2018-09-19T17:28:15","date_gmt":"2018-09-19T15:28:15","guid":{"rendered":"https:\/\/i-c-m.de\/?page_id=26614"},"modified":"2023-03-07T20:08:03","modified_gmt":"2023-03-07T19:08:03","slug":"algemene-voorwaarden","status":"publish","type":"page","link":"https:\/\/i-c-m.de\/nl\/algemene-voorwaarden\/","title":{"rendered":"Algemene voorwaarden"},"content":{"rendered":"<div class=\"fusion-fullwidth fullwidth-box fusion-builder-row-1 nonhundred-percent-fullwidth non-hundred-percent-height-scrolling\" style=\"--awb-border-radius-top-left:0px;--awb-border-radius-top-right:0px;--awb-border-radius-bottom-right:0px;--awb-border-radius-bottom-left:0px;--awb-flex-wrap:wrap;\" ><div class=\"fusion-builder-row fusion-row\"><div class=\"fusion-layout-column fusion_builder_column fusion-builder-column-0 fusion_builder_column_1_1 1_1 fusion-one-full fusion-column-first fusion-column-last\" style=\"--awb-bg-size:cover;--awb-margin-bottom:0px;\"><div class=\"fusion-column-wrapper fusion-flex-column-wrapper-legacy\"><div class=\"fusion-text fusion-text-1\"><p><strong><u>A<\/u><\/strong><strong><u>lgemene voorwaarden (AVW)<\/u><\/strong><\/p>\n<p><strong>van de <\/strong><strong>IC<\/strong><strong>M Investmentbank AG, Meinekestr. 26, 10719 Berlijn.<\/strong><\/p>\n<p>hierna \u201eICM\u201c genoemd<\/p>\n<p>Stand: 30 mei 2022<\/p>\n<p><u>1<\/u><u>. Toepassingsgebied van en wijzigingen in deze AVW, de informatie over de effectenhandelsbank ICM InvestmentBank AG en haar diensten met inbegrip van de uitvoeringsbeginselen, de aanwijzingen voor het plaatsen van orders en bijzondere voorwaarden voor individuele transactietypes.<\/u><\/p>\n<p><strong>1.1. Toepassingsgebied<br \/>\n<\/strong><\/p>\n<p>Deze AV zijn van toepassing op de gehele zakelijke relatie tussen ICM en de cli\u00ebnt. Daarnaast geldt de informatie over de effectenhandelsbank ICM InvestmentBank AG en haar diensten, met inbegrip van de uitvoeringsbeginselen, de instructies voor het plaatsen van orders en de respectieve bijzondere voorwaarden voor afzonderlijke soorten activiteiten, bijvoorbeeld voor vermogensbeheer. De informatie over de effectenhandelsbank ICM InvestmentBank AG en haar diensten, de instructies voor het plaatsen van orders en de bijzondere voorwaarden voor afzonderlijke soorten transacties kunnen afwijkingen van\/aanvullingen op deze AVW bevatten. Deze AVW en de bijzondere voorwaarden voor individuele transactietypes en de instructies voor het plaatsen van bestellingen worden met de cli\u00ebnt overeengekomen bij het sluiten van het contract. De informatie over de effectenhandelsbank ICM InvestmentBank AG en haar diensten, met inbegrip van alle daarin vervatte informatie (bijvoorbeeld met betrekking tot de uitvoeringsbeginselen, de presentatie van mogelijke belangenconflicten, enz. ) worden voor het sluiten van het contract schriftelijk aan de cli\u00ebnt meegedeeld en vormen, voor zover een contract met de cli\u00ebnt tot stand komt, een onderdeel van het betreffende contract met de cli\u00ebnt.<\/p>\n<p><strong>1<\/strong><strong>.<\/strong><strong>2<\/strong><strong>. Wijzigingen<\/strong><\/p>\n<p>Wijzigingen van deze algemene voorwaarden, de informatie over de effectenhandelsbank ICM InvestmentBank AG en haar diensten, met inbegrip van de uitvoeringsbeginselen, de instructies voor het plaatsen van orders en van de bijzondere voorwaarden worden uiterlijk twee maanden voor het tijdstip waarop zij van kracht worden schriftelijk aan de cli\u00ebnt meegedeeld . Indien de cli\u00ebnt in het kader van de zakelijke relatie met ICM een elektronisch communicatiekanaal is overeengekomen, bijvoorbeeld per e-mail, kunnen de wijzigingen ook langs die weg worden meegedeeld.<\/p>\n<p><strong><u>2<\/u><\/strong><strong><u>. Vertrouwelijkheid van de zakelijke relatie en informatie<\/u><\/strong><\/p>\n<p><strong>2<\/strong><strong>.<\/strong><strong>1<\/strong><strong>. Vertrouwelijkheid van de zakelijke relatie<\/strong><\/p>\n<p>De contractuele relatie tussen ICM en de cli\u00ebnt wordt gekenmerkt door vertrouwen. ICM is verplicht tot geheimhouding van alle cli\u00ebntgerelateerde feiten en evaluaties waarvan ICM kennis krijgt. ICM mag alleen informatie over de cli\u00ebnt doorgeven indien dit wordt vereist door wettelijke bepalingen, andere wettelijke voorschriften of offici\u00eble bevelen , of indien de cli\u00ebnt hiermee uitdrukkelijk heeft ingestemd.<\/p>\n<p><strong>2<\/strong><strong>.<\/strong><strong>2<\/strong><strong>. Informatie <\/strong><\/p>\n<p>In beginsel verstrekt ICM geen informatie, tenzij ICM daartoe uitdrukkelijk door de cli\u00ebnt is gemachtigd.<\/p>\n<p><strong><u>3<\/u><\/strong><strong><u>. Aansprakelijkheid van ICM, doorgestuurde orde\u2019rs, verstoring van de bedrijfsvoering en medeschuld van de cli\u00ebnt<\/u><\/strong><\/p>\n<p><strong>3<\/strong><strong>.<\/strong><strong>1<\/strong><strong>. Aansprakelijkheidsbeginselen <\/strong><\/p>\n<p>ICM is aansprakelijk voor elke fout (opzet en grove schuld) van haar werknemers bij de uitvoering van haar verplichtingen. Voor zover ICM voor de uitvoering van haar taken gebruik maakt van andere personen, is ICM slechts aansprakelijk voor de zorgvuldige selectie daarvan. Voor zover bijzondere voorwaarden voor afzonderlijke soorten bedrijfsactiviteiten of andere overeenkomsten iets anders regelen, hebben deze regelingen prioriteit.<\/p>\n<p><strong>3<\/strong><strong>.<\/strong><strong>2<\/strong><strong>. Doorgestuurde orders <\/strong><\/p>\n<p>Indien een order qua inhoud gewoonlijk van die\u2019 aard is dat ICM een derde opdracht geeft de order uit te voeren, vervult ICM de order ook als zij deze in eigen naam aan de derde doorgeeft. In dat geval is de aansprakelijkheid van ICM beperkt tot de zorgvuldige selectie van de derde.<\/p>\n<p><strong>3<\/strong><strong>.<\/strong><strong>3<\/strong><strong>. Verstoring van het bedrijf<\/strong><\/p>\n<p>ICM is niet aansprakelijk voor schade veroorzaakt door overmacht, oproer, oorlogshandelingen en natuurrampen of andere gebeurtenissen die zich buiten haar wil voordoen, (bijvoorbeeld staking, uitsluiting, verkeersstoring, soevereine handelingen) in Duitsland of in het buitenland.<\/p>\n<p><strong>3<\/strong><strong>.<\/strong><strong>4<\/strong><strong>. Medeschuld van de cli\u00ebnt <\/strong><\/p>\n<p>Indien de cli\u00ebnt door verwijtbaar gedrag, bijvoorbeeld door schending van de mededelings- of medewerkingsplicht, heeft bijgedragen aan het ontstaan van de schade, bepalen de beginselen van de medeschuld in hoeverre ICM en de cli\u00ebnt de schade moeten dragen.<\/p>\n<p><strong><u>4<\/u><\/strong><strong><u>. Kennisgevings- en medewerkingsverplichtingen van de cli\u00ebnt <\/u><\/strong><\/p>\n<p><strong>4<\/strong><strong>.<\/strong><strong>1<\/strong><strong>. Verklaringen van de cli\u00ebnt <\/strong><\/p>\n<p>In het kader van de zakelijke relatie tussen ICM en de cli\u00ebnt moet de cli\u00ebnt alle verklaringen verstrekken, met name betreffende zijn identificatie, persoonlijke omstandigheden, kennis en ervaring, herkomst van middelen, de rekeninghouder, de uiteindelijke begunstigde, de vertegenwoordiger en zijn vertegenwoordigingsbevoegdheid, overeenkomstig artikel 63 (10), artikel 64 (3), (4) van de Duitse wet op de effectenhandel (WpHG), de artikelen 54 en 55 van de Gedelegeerde Verordening (EU) 2017\/565, met het oog op de verificatie van de geschiktheid en alle verklaringen die nodig zijn voor de beoordeling van de classificatie van de cli\u00ebnt en moet hij de overige informatie in het kader van het formulier voor de analyse van zijn persoonsgegevens onverwijld, naar waarheid en volledig verstrekken.<\/p>\n<p><strong>4<\/strong><strong>.<\/strong><strong>2<\/strong><strong>. Kennisgevingsverplichtingen van de cli\u00ebnt<\/strong><\/p>\n<p>De cli\u00ebnt dient ICM onverwijld schriftelijk (ook elektronisch, indien elektronische communicatie is overeengekomen) in kennis te stellen van elke wijziging in zijn omstandigheden, met betrekking tot zijn eerdere gegevens, wijzigingen van naam, adres, verval of wijziging van volmacht of andere wijzigingen in de overeenkomstig artikel 4.1 afgelegde verklaringen.<\/p>\n<p><strong>4<\/strong><strong>.<\/strong><strong>3<\/strong><strong>. Medewerkingsplichten van de cli\u00ebnt<\/strong><\/p>\n<p>De cli\u00ebnt moet alle kennisgevingen, verslagen, ontvangsten, afschriften, kennisgevingen van bewaarnemingsrekeningen, inkomensoverzichten, effectenafrekeningen- en andere afrekeningen van ICM of andere contractpartijen die betrokken zijn bij de uitvoering van de overeengekomen diensten van ICM in het kader van de contractuele relatie tussen ICM en de cli\u00ebnt van ICM, bijvoorbeeld de bank die de rekening aanhoudt, de bewaarnemende bank, onmiddellijk op juistheid en volledigheid controleren. Eventuele bezwaren hiertegen moeten door de cli\u00ebnt onverwijld &#8211; uiterlijk met een opzegtermijn van vier weken &#8211; schriftelijk aan ICM worden meegedeeld. Indien de cli\u00ebnt dergelijke kennisgevingen niet of niet tijdig ontvangt, dient de cli\u00ebnt ICM hiervan onverwijld schriftelijk op de hoogte te brengen.<\/p>\n<p><strong><u>5<\/u><\/strong><strong><u>. Communicatie met de cli\u00ebnt <\/u><\/strong><\/p>\n<p>Door het verstrekken van zijn e-mailadres verklaart de cli\u00ebnt zich ermee akkoord dat de noodzakelijke communicatie tussen ICM en de cli\u00ebnt, voor zover dit schriftelijk dient te gebeuren, per e-mail plaatsvindt, tenzij deze vorm van communicatie uitdrukkelijk bij wet is uitgesloten.<\/p>\n<p><u>\u00a0<\/u><strong><u>6<\/u><\/strong><strong><u>. Kosten, vergoedingen, commissies <\/u><\/strong><\/p>\n<p>De kosten, honoraria en provisies die voor de dienstverlening in rekening worden gebracht en die telkens tussen ICM en de cli\u00ebnt worden overeengekomen, zijn degene die voortvloeien uit de respectieve vergoedingsovereenkomsten.<\/p>\n<p><strong><u>7<\/u><\/strong><strong><u>. Begrenzingen van het verrekeningsrecht van de cli\u00ebnt <\/u><\/strong><\/p>\n<p>De cli\u00ebnt heeft alleen het recht om verrekeningen uit te voeren met de vorderingen van ICM als zijn vorderingen onbetwist of rechtsgeldig zijn vastgesteld. De verklaring betreffende een dergelijke verrekening kan alleen schriftelijk gebeuren.<\/p>\n<p><strong><u>8<\/u><\/strong><strong><u>. Opzegging<\/u><\/strong><\/p>\n<p><strong>8<\/strong><strong>.<\/strong><strong>1<\/strong><strong>. Opzegging door de cli\u00ebnt<\/strong><\/p>\n<p>De cli\u00ebnt kan alle overeenkomsten met ICM te allen tijde schriftelijk opzeggen zonder een opzegtermijn in acht te moeten nemen, tenzij een looptijd of een afwijkende opzeggingsbepaling is overeengekomen.<\/p>\n<p><strong>8<\/strong><strong>.<\/strong><strong>2<\/strong><strong>. Opzegging door ICM <\/strong><\/p>\n<p>ICM kan alle overeenkomsten met de cli\u00ebnt schriftelijk opzeggen met inachtneming van een opzegtermijn van ten minste vier weken aan het einde van de maand, tenzij ICM ofwel het recht heeft van een buitengewone opzegging of wanneer een looptijd of een afwijkende opzeggingsbepaling is overeengekomen.<\/p>\n<p><strong><u>9<\/u><\/strong><strong><u>. Beschikkingsrecht na het overlijden van de cli\u00ebnt <\/u><\/strong><\/p>\n<p>Na het overlijden van de cli\u00ebnt moet degene die de rechtsopvolging van de cli\u00ebnt jegens ICM inroept, ICM een passend bewijs leveren van zijn erfrechtelijke aanspraken. Indien aan ICM een kopie of een voor eensluidend gewaarmerkt afschrift van de testamentaire beschikking (testament, erfovereenkomst) naast de bijbehorende akte van opening wordt overgelegd, kan ICM de persoon die daarin als erfgenaam of executeur-testamentair wordt aangewezen, als rechthebbende beschouwen, hem toestaan over de nalatenschap te beschikken en hem met name bevrijdend betalen. Dit geldt niet als ICM weet dat de daarin genoemde persoon niet beschikkingsbevoegd is (bijvoorbeeld als het testament wordt betwist) of als ICM hiervan door nalatigheid niet in kennis werd gesteld.<\/p>\n<p><strong>\u00a0<\/strong><strong><u>1<\/u><\/strong><strong><u>0<\/u><\/strong><strong><u>. Compensatieregeling <\/u><\/strong><\/p>\n<p><strong>1<\/strong><strong>0<\/strong><strong>.<\/strong><strong>1<\/strong><strong>. Compensatieregeling <\/strong><\/p>\n<p>ICM is door juridisch voorschriften onderhevig aan de Compensatieregeling van effectenhandelaren (EdW). De EdW is bereikbaar op: Compensatiefonds van effectenhandelaren, Behrenstr. 31, 10117 Berlijn &#8211; Mitte, telefoon 030 &#8211; 203699-5626, fax 030 &#8211; 203699-5630, e-mail: <a href=\"&#x6d;&#x61;&#105;&#108;&#116;o&#x3a;&#x6d;&#x61;&#105;&#108;&#64;e&#x2d;&#x64;&#x2d;&#119;&#46;d&#x65;\">m&#97;&#x69;&#x6c;&#64;&#101;&#x2d;&#x64;-&#119;&#x2e;&#x64;e<\/a>, Internet <a href=\"http:\/\/www.e-d-\">www.e-d-<\/a> w.de.<\/p>\n<p><strong>1<\/strong><strong>0<\/strong><strong>.<\/strong><strong>2<\/strong><strong>. Omvang van de compensatie <\/strong><\/p>\n<p>De omvang van de schadeclaim wordt bepaald overeenkomstig \u00a7 4 van de Wet op de beleggerscompensatie (AnlEntG) en is beperkt tot maximaal 20.000 euro. Er bestaat geen aanspraak op compensatie indien de deposito&#8217;s of gelden niet in de valuta van een EU-lidstaat of in euro luiden. Ook zijn bepaalde bedrijven\/personen uitgesloten van mogelijke compensatie op grond van de AnlEntG. Ook vorderingen tot schadevergoeding tegen de instelling vallen niet onder de vordering tot schadevergoeding volgens de AnlEntG. Zie <a href=\"http:\/\/www.e-d-w.de\">www.e-d-w.de<\/a> voor nadere informatie.<\/p>\n<p><strong><u>1<\/u><\/strong><strong><u>1<\/u><\/strong><strong><u>. Buitengerechtelijke geschillenbeslechting voor consumenten<br \/>\n<\/u><\/strong><\/p>\n<p><strong>1<\/strong><strong>1<\/strong><strong>.<\/strong><strong>1<\/strong><strong>. Raad van Arbitrage <\/strong><\/p>\n<p>ICM is lid van het \u201cVerband unabh\u00e4ngiger Verm\u00f6gensverwalter Deutschland e. V.\u201d (Vereniging van onafhankelijke vermogensbeheerders in Duitsland) en neemt deel aan de procedure voor de beslechting van consumentengeschillen van de arbitragecommissie van het Verband unabh\u00e4ngiger Verm\u00f6gensverwalter Deutschland e. V. (Vereniging van onafhankelijke vermogensbeheerders in Duitsland). Daar heeft een cli\u00ebnt die consument is (vgl. artikel 13 van het Duitse Burgerlijk Wetboek) de mogelijkheid om een beroep te doen op het arbitragebureau van de vereniging, VuVOmbudsstelle, Stresemannallee 30, 60596 Frankfurt am Main, <a href=\"http:\/\/vuvombudsstelle.de\/\">http:\/\/vuvombudsstelle.de\/<\/a> om een geschil met ICM te beslechten. U vindt hierover nadere informatie op de VuV-website op <a href=\"http:\/\/www.vuv.de\/\">www.vuv.de<\/a> of de Bovenstaande link. ICM zal de cli\u00ebnt hierover op verzoek nadere informatie verstrekken.<\/p>\n<p><strong>1<\/strong><strong>1<\/strong><strong>.<\/strong><strong>2<\/strong><strong>. Verzoek om arbitrage <\/strong><\/p>\n<p>Het verzoek om arbitrage moet schriftelijk (bijv. per brief, fax of e-mail) worden ingediend bij de VuV-ombudsman, Stresemannallee 30, 60569 Frankfurt, Duitsland, fax: +49 69 &#8211; 66055019, e-mail: contact@vuv- ombudsstelle.de.<\/p>\n<p><strong>12. <span style=\"text-decoration: underline;\">Gegevensbescherming en toestemming voor het verzamelen, opslaan, verwerken en gebruiken van gegevens<\/span><\/strong><\/p>\n<p><strong>12.1.<\/strong> In het kader van deze overeenkomst verzamelt ICM op basis van wettelijke voorschriften noodzakelijke persoonsgegevens van de cli\u00ebnt en bewaart, verwerkt en gebruikt deze gegevens overeenkomstig de bepalingen van de Europese verordening inzake de gegevensbescherming (DSGVO) en de federale wet op de gegevensbescherming (BDSG). Als onderneming voor beleggingsdiensten is ICM wettelijk verplicht de persoonsgegevens te verzamelen, op te slaan, te gebruiken en te verwerken in overeenstemming met de Duitse bankwet (KWG), de Duitse wet op de effectenhandel (WpHG), de Duitse wet op het witwassen van geld (GwG) en talrijke andere voorschriften en kan zij de desbetreffende dienst aan de cli\u00ebnt alleen leveren op basis van de aldus verzamelde, opgeslagen, verwerkte en gebruikte gegevens.<\/p>\n<p><strong>12.2.<\/strong> De cli\u00ebnt stemt uitdrukkelijk in met het verzamelen, opslaan, gebruiken en verwerken van zijn persoonsgegevens die in het kader van deze contractuele relatie zijn verzameld. De cli\u00ebnt kan deze toestemming te allen tijde intrekken. De herroeping moet schriftelijk gebeuren.<\/p>\n<p><strong>12.3.<\/strong> De cli\u00ebnt heeft het recht ICM te allen tijde informatie te vragen over de door ICM verzamelde, opgeslagen, gebruikte en verwerkte gegevens. Dit verzoek om informatie moet schriftelijk worden gericht aan het verantwoordelijke kantoor bij ICM InvestmentBank AG &#8211; Data Protection Officer &#8211; Friedrichstr. 34, 40217 D\u00fcsseldorf, <a href=\"&#x6d;&#97;i&#x6c;&#116;&#111;&#x3a;&#x64;&#97;t&#x65;&#110;s&#x63;&#x68;&#117;t&#x7a;&#64;i&#x2d;&#x63;&#45;m&#x2e;&#100;e\">&#100;&#x61;t&#x65;n&#115;&#x63;&#104;&#x75;t&#122;&#x40;&#105;&#x2d;c&#x2d;&#x6d;&#46;&#x64;e<\/a>.<\/p>\n<p><strong>12.4.<\/strong> De gegevens worden door ICM alleen gebruikt in verband met de uitvoering van het contract. In principe worden de gegevens niet aan derden doorgegeven, tenzij dit noodzakelijk is voor de uitvoering van deze overeenkomst (bv. aan de bewaarder en\/of rekeninghouder), of als dit vereist is door andere normen of als dit op wettelijke basis aan ICM wordt opgedragen (bv. verzoeken om informatie van overheidsinstanties).<\/p>\n<p><strong>12.5.<\/strong> Bovendien gebruikt ICM de aldus verzamelde, opgeslagen en verwerkte gegevens om de cli\u00ebnt te allen tijde te informeren over alle door ICM aangeboden diensten. De cli\u00ebnt stemt uitdrukkelijk in met dit soort gebruik van gegevens. De cli\u00ebnt kan te allen tijde schriftelijk bezwaar aantekenen tegen deze vorm van gegevensgebruik.<\/p>\n<p><strong>12.6.<\/strong> De persoonsgegevens die door ICM worden verzameld ten behoeve van de uitvoering van de overeenkomst worden opgeslagen voor de duur van de contractuele relatie en worden pas verwijderd na het verstrijken van de respectieve wettelijke bewaartermijnen, die ten minste 5 jaar bedragen.<\/p>\n<p><strong>12.7.<\/strong> Met betrekking tot de door ICM verzamelde persoonsgegevens heeft de cli\u00ebnt het recht van informatie (art. 15 DSGV), het recht van rectificatie (art. 16 DSGV), het recht van verwijdering (art. 17 DSGV), het recht van beperking van de verwerking (art. 18 DSGV), het recht van bezwaar (art. 21 DSGV), het recht van gegevensoverdracht (art. 20 DSGV) en het recht om een klacht in te dienen bij de bevoegde toezichthoudende overheidsinstantie voor de gegevensbescherming (art. 77 DSGV).<\/p>\n<p><strong>1<\/strong><strong>3<\/strong><strong>. Toepasselijk recht, taal, plaats van uitvoering en jurisdictie <\/strong><\/p>\n<p><strong>1<\/strong><strong>3<\/strong><strong>.<\/strong><strong>1<\/strong><strong>. Geldigheid van het Duitse recht <\/strong><\/p>\n<p>Op de zakelijke relatie tussen ICM en de cli\u00ebnt is uitsluitend Duits recht van toepassing met uitsluiting van de bepalingen van het internationaal privaatrecht en met uitdrukkelijke uitsluiting van het Verdrag der Verenigde Naties inzake internationale koopovereenkomsten betreffende roerende zaken (CISG).<\/p>\n<p><strong>13.<\/strong><strong>2<\/strong><strong>. Taal<\/strong><\/p>\n<p>Op de zakelijke relatie tussen ICM en de cli\u00ebnt is uitsluitend de Duitse taal van toepassing.<\/p>\n<p><strong>1<\/strong><strong>3<\/strong><strong>.<\/strong><strong>3<\/strong><strong>. Plaats van uitvoering <\/strong><\/p>\n<p>De plaats van uitvoering voor alle diensten die uit hoofde van de zakelijke relatie tussen ICM en de cli\u00ebnt verschuldigd zijn, is Berlijn.<\/p>\n<p><strong>1<\/strong><strong>3<\/strong><strong>.<\/strong><strong>4<\/strong><strong>. Bevoegde jurisdictie <\/strong><\/p>\n<p>De bevoegde jurisdictie voor alle vorderingen die voortvloeien uit de zakelijke relatie tussen ICM en de cli\u00ebnt, met inbegrip van deze AVW, de informatie over de effectenhandelsbank ICM InvestmentBank AG en haar diensten, met inbegrip van de uitvoeringsbeginselen, de instructies voor het plaatsen van orders en de respectieve bijzondere voorwaarden voor afzonderlijke soorten transacties, is Berlijn, voor zover de contractant een handelaar, een rechtspersoon naar publiek recht of een bijzonder fonds naar publiek recht is.<\/p>\n<p><strong>13.5 Schriftelijke vormvereiste voor verklaringen van de cli\u00ebnt <\/strong><\/p>\n<p>Voor zover de verklaringen van cli\u00ebnten schriftelijk moeten gebeuren, wordt hieraan ook voldaan door een verklaring van de cli\u00ebnt per e-mail.<\/p>\n<p><strong>13.6 Schriftelijke vormvereiste voor contractwijzigingen<br \/>\n<\/strong><\/p>\n<p>Wijzigingen van deze AVW, de informatie over de effectenhandelsbank ICM InvestmentBank AG en haar diensten met inbegrip van de uitvoeringsbeginselen, de instructies voor het plaatsen van orders en van de respectieve bijzondere voorwaarden voor afzonderlijke soorten transacties moeten schriftelijk gebeuren (bijv. e-mail) om van kracht te worden. Dit geldt ook voor een wijziging van de schriftelijke vormvereiste zelf.<\/p>\n<p><strong>\u00a0<\/strong><strong><u>1<\/u><\/strong><strong><u>4<\/u><\/strong><strong><u>. Salvatorische clausule <\/u><\/strong><\/p>\n<p>Indien een bepaling van de overeenkomst geheel of gedeeltelijk nietig, ongeldig of onuitvoerbaar is of wordt, heeft dit geen invloed op de geldigheid van de overige bepalingen. De nietige, ongeldige of niet-afdwingbare bepaling wordt dan vervangen door een bepaling die beantwoordt aan de doelstellingen die door de partijen werden nagestreefd met de nietige, ongeldige of niet-afdwingbare bepaling voor zover dit juridisch toelaatbaar en mogelijk is. Hetzelfde geldt in geval van een lacune. De vervangende bepaling wordt dan geacht van meet af aan (of vanaf het tijdstip van de ongeldigheid, onwerkzaamheid of onuitvoerbaarheid) te zijn overeengekomen.<\/p>\n<p>Stand: 30.05.2022<\/p>\n<\/div><div class=\"fusion-clearfix\"><\/div><\/div><\/div><\/div><\/div>\n","protected":false},"excerpt":{"rendered":"","protected":false},"author":10,"featured_media":0,"parent":0,"menu_order":0,"comment_status":"closed","ping_status":"closed","template":"100-width.php","meta":{"_acf_changed":false,"pmpro_default_level":"","footnotes":""},"class_list":["post-26614","page","type-page","status-publish","hentry","pmpro-has-access"],"acf":[],"yoast_head":"<!-- This site is optimized with the Yoast SEO plugin v27.4 - https:\/\/yoast.com\/product\/yoast-seo-wordpress\/ -->\n<title>Algemene voorwaarden - ICM InvestmentBank AG<\/title>\n<meta name=\"robots\" content=\"index, follow, max-snippet:-1, max-image-preview:large, max-video-preview:-1\" \/>\n<link rel=\"canonical\" href=\"https:\/\/i-c-m.de\/nl\/algemene-voorwaarden\/\" \/>\n<meta property=\"og:locale\" content=\"nl_NL\" \/>\n<meta property=\"og:type\" content=\"article\" \/>\n<meta property=\"og:title\" content=\"Algemene voorwaarden - ICM InvestmentBank AG\" \/>\n<meta property=\"og:url\" content=\"https:\/\/i-c-m.de\/nl\/algemene-voorwaarden\/\" \/>\n<meta property=\"og:site_name\" content=\"ICM InvestmentBank AG\" \/>\n<meta property=\"article:modified_time\" content=\"2023-03-07T19:08:03+00:00\" \/>\n<meta name=\"twitter:card\" content=\"summary_large_image\" \/>\n<meta name=\"twitter:label1\" content=\"Geschatte leestijd\" \/>\n\t<meta name=\"twitter:data1\" content=\"14 minuten\" \/>\n<script type=\"application\/ld+json\" class=\"yoast-schema-graph\">{\"@context\":\"https:\\\/\\\/schema.org\",\"@graph\":[{\"@type\":\"WebPage\",\"@id\":\"https:\\\/\\\/i-c-m.de\\\/nl\\\/algemene-voorwaarden\\\/\",\"url\":\"https:\\\/\\\/i-c-m.de\\\/nl\\\/algemene-voorwaarden\\\/\",\"name\":\"Algemene voorwaarden - ICM InvestmentBank AG\",\"isPartOf\":{\"@id\":\"https:\\\/\\\/i-c-m.de\\\/#website\"},\"datePublished\":\"2018-09-19T15:28:15+00:00\",\"dateModified\":\"2023-03-07T19:08:03+00:00\",\"breadcrumb\":{\"@id\":\"https:\\\/\\\/i-c-m.de\\\/nl\\\/algemene-voorwaarden\\\/#breadcrumb\"},\"inLanguage\":\"nl-NL\",\"potentialAction\":[{\"@type\":\"ReadAction\",\"target\":[\"https:\\\/\\\/i-c-m.de\\\/nl\\\/algemene-voorwaarden\\\/\"]}]},{\"@type\":\"BreadcrumbList\",\"@id\":\"https:\\\/\\\/i-c-m.de\\\/nl\\\/algemene-voorwaarden\\\/#breadcrumb\",\"itemListElement\":[{\"@type\":\"ListItem\",\"position\":1,\"name\":\"Startseite\",\"item\":\"https:\\\/\\\/i-c-m.de\\\/nl\\\/\"},{\"@type\":\"ListItem\",\"position\":2,\"name\":\"Algemene voorwaarden\"}]},{\"@type\":\"WebSite\",\"@id\":\"https:\\\/\\\/i-c-m.de\\\/#website\",\"url\":\"https:\\\/\\\/i-c-m.de\\\/\",\"name\":\"ICM InvestmentBank AG\",\"description\":\"Unsere Expertise und Ihr Verm\u00f6gen.\",\"potentialAction\":[{\"@type\":\"SearchAction\",\"target\":{\"@type\":\"EntryPoint\",\"urlTemplate\":\"https:\\\/\\\/i-c-m.de\\\/?s={search_term_string}\"},\"query-input\":{\"@type\":\"PropertyValueSpecification\",\"valueRequired\":true,\"valueName\":\"search_term_string\"}}],\"inLanguage\":\"nl-NL\"}]}<\/script>\n<!-- \/ Yoast SEO plugin. -->","yoast_head_json":{"title":"Algemene voorwaarden - ICM InvestmentBank AG","robots":{"index":"index","follow":"follow","max-snippet":"max-snippet:-1","max-image-preview":"max-image-preview:large","max-video-preview":"max-video-preview:-1"},"canonical":"https:\/\/i-c-m.de\/nl\/algemene-voorwaarden\/","og_locale":"nl_NL","og_type":"article","og_title":"Algemene voorwaarden - ICM InvestmentBank AG","og_url":"https:\/\/i-c-m.de\/nl\/algemene-voorwaarden\/","og_site_name":"ICM InvestmentBank AG","article_modified_time":"2023-03-07T19:08:03+00:00","twitter_card":"summary_large_image","twitter_misc":{"Geschatte leestijd":"14 minuten"},"schema":{"@context":"https:\/\/schema.org","@graph":[{"@type":"WebPage","@id":"https:\/\/i-c-m.de\/nl\/algemene-voorwaarden\/","url":"https:\/\/i-c-m.de\/nl\/algemene-voorwaarden\/","name":"Algemene voorwaarden - ICM InvestmentBank AG","isPartOf":{"@id":"https:\/\/i-c-m.de\/#website"},"datePublished":"2018-09-19T15:28:15+00:00","dateModified":"2023-03-07T19:08:03+00:00","breadcrumb":{"@id":"https:\/\/i-c-m.de\/nl\/algemene-voorwaarden\/#breadcrumb"},"inLanguage":"nl-NL","potentialAction":[{"@type":"ReadAction","target":["https:\/\/i-c-m.de\/nl\/algemene-voorwaarden\/"]}]},{"@type":"BreadcrumbList","@id":"https:\/\/i-c-m.de\/nl\/algemene-voorwaarden\/#breadcrumb","itemListElement":[{"@type":"ListItem","position":1,"name":"Startseite","item":"https:\/\/i-c-m.de\/nl\/"},{"@type":"ListItem","position":2,"name":"Algemene voorwaarden"}]},{"@type":"WebSite","@id":"https:\/\/i-c-m.de\/#website","url":"https:\/\/i-c-m.de\/","name":"ICM InvestmentBank AG","description":"Unsere Expertise und Ihr Verm\u00f6gen.","potentialAction":[{"@type":"SearchAction","target":{"@type":"EntryPoint","urlTemplate":"https:\/\/i-c-m.de\/?s={search_term_string}"},"query-input":{"@type":"PropertyValueSpecification","valueRequired":true,"valueName":"search_term_string"}}],"inLanguage":"nl-NL"}]}},"_links":{"self":[{"href":"https:\/\/i-c-m.de\/nl\/wp-json\/wp\/v2\/pages\/26614","targetHints":{"allow":["GET"]}}],"collection":[{"href":"https:\/\/i-c-m.de\/nl\/wp-json\/wp\/v2\/pages"}],"about":[{"href":"https:\/\/i-c-m.de\/nl\/wp-json\/wp\/v2\/types\/page"}],"author":[{"embeddable":true,"href":"https:\/\/i-c-m.de\/nl\/wp-json\/wp\/v2\/users\/10"}],"replies":[{"embeddable":true,"href":"https:\/\/i-c-m.de\/nl\/wp-json\/wp\/v2\/comments?post=26614"}],"version-history":[{"count":0,"href":"https:\/\/i-c-m.de\/nl\/wp-json\/wp\/v2\/pages\/26614\/revisions"}],"wp:attachment":[{"href":"https:\/\/i-c-m.de\/nl\/wp-json\/wp\/v2\/media?parent=26614"}],"curies":[{"name":"wp","href":"https:\/\/api.w.org\/{rel}","templated":true}]}}