{"id":15751,"date":"2017-12-19T15:40:40","date_gmt":"2017-12-19T14:40:40","guid":{"rendered":"http:\/\/85.214.53.239\/veiligheid\/"},"modified":"2023-01-23T00:33:41","modified_gmt":"2023-01-22T23:33:41","slug":"veiligheid","status":"publish","type":"page","link":"https:\/\/i-c-m.de\/nl\/veiligheid\/","title":{"rendered":"Veiligheid"},"content":{"rendered":"<p><div class=\"fusion-fullwidth fullwidth-box fusion-builder-row-1 nonhundred-percent-fullwidth non-hundred-percent-height-scrolling\" style=\"--awb-border-radius-top-left:0px;--awb-border-radius-top-right:0px;--awb-border-radius-bottom-right:0px;--awb-border-radius-bottom-left:0px;--awb-flex-wrap:wrap;\" ><div class=\"fusion-builder-row fusion-row\"><div class=\"fusion-layout-column fusion_builder_column fusion-builder-column-0 fusion_builder_column_1_1 1_1 fusion-one-full fusion-column-first fusion-column-last\" style=\"--awb-bg-size:cover;\"><div class=\"fusion-column-wrapper fusion-flex-column-wrapper-legacy\"><div class=\"fusion-content-boxes content-boxes columns row fusion-columns-3 fusion-columns-total-3 fusion-content-boxes-1 content-boxes-icon-with-title content-left\" style=\"--awb-iconcolor:#03438a;--awb-hover-accent-color:#03438a;--awb-circle-hover-accent-color:transparent;\" data-animationOffset=\"top-into-view\"><div style=\"--awb-backgroundcolor:rgba(255,255,255,0);--awb-iconcolor:#03438a;\" class=\"fusion-column content-box-column content-box-column content-box-column-1 col-lg-4 col-md-4 col-sm-4 fusion-content-box-hover content-box-column-first-in-row\"><div class=\"col content-box-wrapper content-wrapper link-area-link-icon icon-hover-animation-fade\" data-animationOffset=\"top-into-view\"><div class=\"heading heading-with-icon icon-left\"><div class=\"icon\"><i style=\"background-color:transparent;border-color:transparent;height:auto;width: 40px;line-height:normal;font-size:40px;\" aria-hidden=\"true\" class=\"fontawesome-icon fa fa-lock circle-no\"><\/i><\/div><h2 class=\"content-box-heading fusion-responsive-typography-calculated\" style=\"--h2_typography-font-size:18px;--fontSize:18;line-height:1.5;\">Veilig beleggen<\/h2><\/div><div class=\"fusion-clearfix\"><\/div><div class=\"content-container\">\n<p>\u201eVertrouwen is goed, controle is beter\u201c \u2013 we gebruiken talrijke interne en onafhankelijke controle-instanties om uw vermogen veilig te stellen.<\/p>\n<\/div><\/div><\/div><div style=\"--awb-backgroundcolor:rgba(255,255,255,0);--awb-iconcolor:#03438a;\" class=\"fusion-column content-box-column content-box-column content-box-column-2 col-lg-4 col-md-4 col-sm-4 fusion-content-box-hover \"><div class=\"col content-box-wrapper content-wrapper link-area-link-icon icon-hover-animation-fade\" data-animationOffset=\"top-into-view\"><div class=\"heading heading-with-icon icon-left\"><div class=\"icon\"><i style=\"background-color:transparent;border-color:transparent;height:auto;width: 40px;line-height:normal;font-size:40px;\" aria-hidden=\"true\" class=\"fontawesome-icon fa fa-sort-numeric-asc circle-no\"><\/i><\/div><h2 class=\"content-box-heading fusion-responsive-typography-calculated\" style=\"--h2_typography-font-size:18px;--fontSize:18;line-height:1.5;\">Regels naleven<\/h2><\/div><div class=\"fusion-clearfix\"><\/div><div class=\"content-container\">\n<p>Compliance is voor ons geen plichtvervulling, maar een vanzelfsprekendheid.<\/p>\n<\/div><\/div><\/div><div style=\"--awb-backgroundcolor:rgba(255,255,255,0);--awb-iconcolor:#03438a;\" class=\"fusion-column content-box-column content-box-column content-box-column-3 col-lg-4 col-md-4 col-sm-4 fusion-content-box-hover content-box-column-last content-box-column-last-in-row\"><div class=\"col content-box-wrapper content-wrapper link-area-link-icon icon-hover-animation-fade\" data-animationOffset=\"top-into-view\"><div class=\"heading heading-with-icon icon-left\"><div class=\"icon\"><i style=\"background-color:transparent;border-color:transparent;height:auto;width: 40px;line-height:normal;font-size:40px;\" aria-hidden=\"true\" class=\"fontawesome-icon fa fa-search circle-no\"><\/i><\/div><h2 class=\"content-box-heading fusion-responsive-typography-calculated\" style=\"--h2_typography-font-size:18px;--fontSize:18;line-height:1.5;\">Kwaliteit controleren<\/h2><\/div><div class=\"fusion-clearfix\"><\/div><div class=\"content-container\">Qualit\u00e4t ist bei uns eine Konstante \u2013 weil wir sie st\u00e4ndig \u00fcberpr\u00fcfen.<\/div><\/div><\/div><div class=\"fusion-clearfix\"><\/div><\/div><div class=\"fusion-clearfix\"><\/div><\/div><\/div><\/div><\/div><div id=\"veiligheid\" class=\"fusion-container-anchor\"><div class=\"fusion-fullwidth fullwidth-box fusion-builder-row-2 nonhundred-percent-fullwidth non-hundred-percent-height-scrolling\" style=\"--awb-border-radius-top-left:0px;--awb-border-radius-top-right:0px;--awb-border-radius-bottom-right:0px;--awb-border-radius-bottom-left:0px;--awb-padding-top:60px;--awb-padding-bottom:60px;--awb-margin-top:20px;--awb-background-color:#eeeeee;--awb-flex-wrap:wrap;\" ><div class=\"fusion-builder-row fusion-row\"><div class=\"fusion-layout-column fusion_builder_column fusion-builder-column-1 fusion_builder_column_1_1 1_1 fusion-one-full fusion-column-first fusion-column-last\" style=\"--awb-bg-size:cover;\"><div class=\"fusion-column-wrapper fusion-flex-column-wrapper-legacy\"><div class=\"fusion-title title fusion-title-1 fusion-title-center fusion-title-text fusion-title-size-one\" style=\"--awb-margin-top-small:0px;--awb-margin-right-small:0px;--awb-margin-bottom-small:20px;--awb-margin-left-small:0px;--awb-sep-color:#03438a;\"><div class=\"title-sep-container title-sep-container-left\"><div class=\"title-sep sep-single sep-solid\" style=\"border-color:#03438a;\"><\/div><\/div><span class=\"awb-title-spacer\"><\/span><h1 class=\"fusion-title-heading title-heading-center fusion-responsive-typography-calculated\" style=\"margin:0;--fontSize:33;line-height:1.45;\"><p class=\"h3 g-color-black text-uppercase mb-2\"><span style=\"color: #03438a;\">VEILIGHEID HEEFT BIJ ONS DE HOOGSTE PRIORITEIT<\/span><\/p><\/h1><span class=\"awb-title-spacer\"><\/span><div class=\"title-sep-container title-sep-container-right\"><div class=\"title-sep sep-single sep-solid\" style=\"border-color:#03438a;\"><\/div><\/div><\/div><div class=\"fusion-clearfix\"><\/div><\/div><\/div><div class=\"fusion-layout-column fusion_builder_column fusion-builder-column-2 fusion_builder_column_1_2 1_2 fusion-one-half fusion-column-first\" style=\"--awb-bg-size:cover;width:50%;width:calc(50% - ( ( 4% ) * 0.5 ) );margin-right: 4%;\"><div class=\"fusion-column-wrapper fusion-flex-column-wrapper-legacy\"><div class=\"fusion-text fusion-text-1\"><p>We hebben ons ertoe verbonden u bij uw geldbeleggingen een maximale veiligheid te bieden met betrekking tot uw gegevens en de toegang tot uw depot en uw rekening. We beschermen uw gegevens met de modernste veiligheidstechnologie.<\/p>\n<p>Alle persoonlijke informatie wordt steeds gecodeerd en in een computercentrum in Duitsland opgeslagen. De ICM InvestmentBank AG behoort als gereguleerd instituut tot de \u201cEntsch\u00e4digungseinrichtung der Wertpapierhandelsunternehmen\u201d (EdW).<\/p>\n<\/div><div class=\"fusion-clearfix\"><\/div><\/div><\/div><div class=\"fusion-layout-column fusion_builder_column fusion-builder-column-3 fusion_builder_column_1_2 1_2 fusion-one-half fusion-column-last\" style=\"--awb-bg-size:cover;width:50%;width:calc(50% - ( ( 4% ) * 0.5 ) );\"><div class=\"fusion-column-wrapper fusion-flex-column-wrapper-legacy\"><div class=\"fusion-image-element in-legacy-container\" style=\"--awb-caption-title-font-family:var(--h2_typography-font-family);--awb-caption-title-font-weight:var(--h2_typography-font-weight);--awb-caption-title-font-style:var(--h2_typography-font-style);--awb-caption-title-size:var(--h2_typography-font-size);--awb-caption-title-transform:var(--h2_typography-text-transform);--awb-caption-title-line-height:var(--h2_typography-line-height);--awb-caption-title-letter-spacing:var(--h2_typography-letter-spacing);\"><span class=\" fusion-imageframe imageframe-none imageframe-1 hover-type-none\"><img decoding=\"async\" width=\"824\" height=\"581\" title=\"map\" src=\"https:\/\/i-c-m.de\/wp-content\/uploads\/2017\/11\/map.png\" alt class=\"img-responsive wp-image-14379\" srcset=\"https:\/\/i-c-m.de\/wp-content\/uploads\/2017\/11\/map-200x141.png 200w, https:\/\/i-c-m.de\/wp-content\/uploads\/2017\/11\/map-400x282.png 400w, https:\/\/i-c-m.de\/wp-content\/uploads\/2017\/11\/map-600x423.png 600w, https:\/\/i-c-m.de\/wp-content\/uploads\/2017\/11\/map-800x564.png 800w, https:\/\/i-c-m.de\/wp-content\/uploads\/2017\/11\/map.png 824w\" sizes=\"(max-width: 800px) 100vw, 600px\" \/><\/span><\/div><div class=\"fusion-clearfix\"><\/div><\/div><\/div><\/div><\/div><\/div><div id=\"compliance\" class=\"fusion-container-anchor\"><div class=\"fusion-fullwidth fullwidth-box fusion-builder-row-3 nonhundred-percent-fullwidth non-hundred-percent-height-scrolling\" style=\"--awb-border-radius-top-left:0px;--awb-border-radius-top-right:0px;--awb-border-radius-bottom-right:0px;--awb-border-radius-bottom-left:0px;--awb-padding-top:60px;--awb-margin-top:60px;--awb-background-color:#ffffff;--awb-flex-wrap:wrap;\" ><div class=\"fusion-builder-row fusion-row\"><div class=\"fusion-layout-column fusion_builder_column fusion-builder-column-4 fusion_builder_column_1_1 1_1 fusion-one-full fusion-column-first fusion-column-last\" style=\"--awb-bg-size:cover;\"><div class=\"fusion-column-wrapper fusion-flex-column-wrapper-legacy\"><div class=\"fusion-title title fusion-title-2 fusion-title-center fusion-title-text fusion-title-size-one\" style=\"--awb-margin-top-small:0px;--awb-margin-right-small:0px;--awb-margin-bottom-small:20px;--awb-margin-left-small:0px;--awb-sep-color:#03438a;\"><div class=\"title-sep-container title-sep-container-left\"><div class=\"title-sep sep-single sep-solid\" style=\"border-color:#03438a;\"><\/div><\/div><span class=\"awb-title-spacer\"><\/span><h1 class=\"fusion-title-heading title-heading-center fusion-responsive-typography-calculated\" style=\"margin:0;--fontSize:33;line-height:1.45;\"><span style=\"color: #03438a;\">COMPLIANCE<\/span><\/h1><span class=\"awb-title-spacer\"><\/span><div class=\"title-sep-container title-sep-container-right\"><div class=\"title-sep sep-single sep-solid\" style=\"border-color:#03438a;\"><\/div><\/div><\/div><div class=\"fusion-text fusion-text-2\"><p style=\"text-align: center;\">De financi\u00eble crisis van 2007 geeft de beleggers in banken en vermogensbeheerders grondig geschaad. De uit de crisis resulterende strengere regulering door de globale financi\u00eble toezichthoudende instanties heeft deze schade hoogstens kunnen begrenzen.<\/p>\n<p style=\"text-align: center;\">We beschouwen het daarom als \u00e9\u00e9n van onze topdoelen om onze klanten dat vertrouwen terug te geven. Compliance is voor ons niet alleen een plichtvervulling, het is een vanzelfsprekendheid. Naast de door de wetgever vooropgestelde verplichtingen waaraan we steeds voldoen bieden wij volgende beveiligingen voor uw vermogen:<\/p>\n<\/div><br\/><div class=\"fusion-tabs fusion-tabs-1 classic nav-is-justified horizontal-tabs icon-position-left mobile-mode-accordion\" style=\"--awb-title-border-radius-top-left:0px;--awb-title-border-radius-top-right:0px;--awb-title-border-radius-bottom-right:0px;--awb-title-border-radius-bottom-left:0px;--awb-inactive-color:#f1f2f2;--awb-background-color:#ffffff;--awb-border-color:#ebeaea;--awb-active-border-color:#03438a;\"><div class=\"nav\"><ul class=\"nav-tabs nav-justified\" role=\"tablist\" aria-orientation=\"horizontal\"><li class=\"active\" role=\"presentation\"><a class=\"tab-link\" data-toggle=\"tab\" role=\"tab\" aria-controls=\"tab-6e934d5addb27bd8991\" aria-selected=\"true\" tabindex=\"0\" id=\"fusion-tab-6e934d5addb27bd8991\" href=\"#tab-6e934d5addb27bd8991\"><h4 class=\"fusion-tab-heading\">Depotvoering<\/h4><\/a><\/li><li  role=\"presentation\"><a class=\"tab-link\" data-toggle=\"tab\" role=\"tab\" aria-controls=\"tab-86ae196a15a0ac8d253\" aria-selected=\"false\" tabindex=\"-1\" id=\"fusion-tab-86ae196a15a0ac8d253\" href=\"#tab-86ae196a15a0ac8d253\"><h4 class=\"fusion-tab-heading\">4-ogen-principe<\/h4><\/a><\/li><li  role=\"presentation\"><a class=\"tab-link\" data-toggle=\"tab\" role=\"tab\" aria-controls=\"tab-515d2e76f66ae93330e\" aria-selected=\"false\" tabindex=\"-1\" id=\"fusion-tab-515d2e76f66ae93330e\" href=\"#tab-515d2e76f66ae93330e\"><h4 class=\"fusion-tab-heading\">Eigen middelen<\/h4><\/a><\/li><\/ul><\/div><div class=\"tab-content\"><div class=\"nav fusion-mobile-tab-nav\"><ul class=\"nav-tabs nav-justified\" role=\"tablist\" aria-orientation=\"horizontal\"><li class=\"active\" role=\"presentation\"><a class=\"tab-link\" data-toggle=\"tab\" role=\"tab\" aria-controls=\"tab-6e934d5addb27bd8991\" aria-selected=\"true\" tabindex=\"0\" id=\"mobile-fusion-tab-6e934d5addb27bd8991\" href=\"#tab-6e934d5addb27bd8991\"><h4 class=\"fusion-tab-heading\">Depotvoering<\/h4><\/a><\/li><\/ul><\/div><div class=\"tab-pane fade fusion-clearfix in active\" role=\"tabpanel\" tabindex=\"0\" aria-labelledby=\"fusion-tab-6e934d5addb27bd8991\" id=\"tab-6e934d5addb27bd8991\">De rekening- en depotvoering gebeurt uitsluitend in samenwerking met vermaarde depositobanken. Dat waarborgt voor onze klanten een maximaal hoge standaard en betekent een tweede, onafhankelijke controle-instantie van het depot.<\/div><div class=\"nav fusion-mobile-tab-nav\"><ul class=\"nav-tabs nav-justified\" role=\"tablist\" aria-orientation=\"horizontal\"><li  role=\"presentation\"><a class=\"tab-link\" data-toggle=\"tab\" role=\"tab\" aria-controls=\"tab-86ae196a15a0ac8d253\" aria-selected=\"false\" tabindex=\"-1\" id=\"mobile-fusion-tab-86ae196a15a0ac8d253\" href=\"#tab-86ae196a15a0ac8d253\"><h4 class=\"fusion-tab-heading\">4-ogen-principe<\/h4><\/a><\/li><\/ul><\/div><div class=\"tab-pane fade fusion-clearfix\" role=\"tabpanel\" tabindex=\"0\" aria-labelledby=\"fusion-tab-86ae196a15a0ac8d253\" id=\"tab-86ae196a15a0ac8d253\">Elke beleggingsbeslissing is bij ons onderworpen aan het 4-ogen-principe, dat betekent concreet: Onze portefeuillebeheerders beslissen altijd in team welke financi\u00eble effecten in ons beleggingsuniversum opgenomen worden. Riskante \u201calleengangen\u201d zijn zo uitgesloten.<\/div><div class=\"nav fusion-mobile-tab-nav\"><ul class=\"nav-tabs nav-justified\" role=\"tablist\" aria-orientation=\"horizontal\"><li  role=\"presentation\"><a class=\"tab-link\" data-toggle=\"tab\" role=\"tab\" aria-controls=\"tab-515d2e76f66ae93330e\" aria-selected=\"false\" tabindex=\"-1\" id=\"mobile-fusion-tab-515d2e76f66ae93330e\" href=\"#tab-515d2e76f66ae93330e\"><h4 class=\"fusion-tab-heading\">Eigen middelen<\/h4><\/a><\/li><\/ul><\/div><div class=\"tab-pane fade fusion-clearfix\" role=\"tabpanel\" tabindex=\"0\" aria-labelledby=\"fusion-tab-515d2e76f66ae93330e\" id=\"tab-515d2e76f66ae93330e\">We beschikken over eigen middelen ten belope van circa 3,5 miljoen euro. Bovendien zijn we een instituut dat onder de \u201cEntsch\u00e4digungseinrichtung der Wertpapierhandelsunternehmen\u201d (EdW) valt.<\/div><\/div><\/div><div class=\"fusion-button-wrapper fusion-aligncenter\"><a class=\"fusion-button button-flat fusion-button-default-size button-custom fusion-button-default button-1 fusion-button-default-span fusion-button-default-type\" style=\"--button_accent_color:#ffffff;--button_accent_hover_color:#03438a;--button_border_hover_color:#03438a;--button_gradient_top_color:#03438a;--button_gradient_bottom_color:#03438a;--button_gradient_top_color_hover:rgba(3,67,138,0);--button_gradient_bottom_color_hover:rgba(3,67,138,0);\" target=\"_blank\" rel=\"noopener noreferrer\" href=\"https:\/\/i-c-m.de\/wp-content\/uploads\/2023\/01\/NL_Grundsatze-zum-Beschwerdemanagement-2023.pdf\"><span class=\"fusion-button-text awb-button__text awb-button__text--default\">Richtlijnen voor klachtenbeheer<\/span><\/a><\/div><div class=\"fusion-clearfix\"><\/div><\/div><\/div><\/div><\/div><\/div><div id=\"kwaliteit\" class=\"fusion-container-anchor\"><div class=\"fusion-fullwidth fullwidth-box fusion-builder-row-4 nonhundred-percent-fullwidth non-hundred-percent-height-scrolling\" style=\"--awb-border-radius-top-left:0px;--awb-border-radius-top-right:0px;--awb-border-radius-bottom-right:0px;--awb-border-radius-bottom-left:0px;--awb-padding-top:60px;--awb-margin-top:20px;--awb-background-color:#eeeeee;--awb-flex-wrap:wrap;\" ><div class=\"fusion-builder-row fusion-row\"><div class=\"fusion-layout-column fusion_builder_column fusion-builder-column-5 fusion_builder_column_1_1 1_1 fusion-one-full fusion-column-first fusion-column-last\" style=\"--awb-bg-size:cover;\"><div class=\"fusion-column-wrapper fusion-flex-column-wrapper-legacy\"><div class=\"fusion-title title fusion-title-3 fusion-title-text fusion-title-size-one\" style=\"--awb-margin-top-small:0px;--awb-margin-right-small:0px;--awb-margin-bottom-small:20px;--awb-margin-left-small:0px;--awb-sep-color:#03438a;\"><h1 class=\"fusion-title-heading title-heading-left fusion-responsive-typography-calculated\" style=\"margin:0;--fontSize:33;line-height:1.45;\"><span style=\"color: #03438a;\">ONS KWALITEITSBEHEER IS EEN VAN DE BESTE.<\/span><\/h1><span class=\"awb-title-spacer\"><\/span><div class=\"title-sep-container\"><div class=\"title-sep sep-single sep-solid\" style=\"border-color:#03438a;\"><\/div><\/div><\/div><div class=\"fusion-text fusion-text-3\"><p>We hebben ons ertoe verbonden u bij uw geldbeleggingen een maximale veiligheid te bieden met betrekking tot uw gegevens en de toegang tot uw depot en uw rekening.<br \/>\nWe beschermen uw gegevens met de modernste veiligheidstechnologie.<\/p>\n<\/div><ul style=\"--awb-iconcolor:#03438a;--awb-line-height:23.8px;--awb-icon-width:23.8px;--awb-icon-height:23.8px;--awb-icon-margin:9.8px;--awb-content-margin:33.6px;\" class=\"fusion-checklist fusion-checklist-1 fusion-checklist-default type-icons\"><li class=\"fusion-li-item\" style=\"\"><span class=\"icon-wrapper circle-no\"><i class=\"fusion-li-icon fa fa-plus-circle\" aria-hidden=\"true\"><\/i><\/span><div class=\"fusion-li-item-content\">\n<p>Onafhankelijke beleggingscomit\u00e9s voor aandelen, obligaties, ETF\u2019s en een reeks zelf beheerde fondsen vormen de basis van uw succesvolle beleggingen. Door de tactische assetallocatie en een overkoepelend kwaliteitsbeheer wordt de juiste balans van de activaklassen in uw portefeuille aan de marktsituatie aangepast. We zijn op zoek naar \u201cgoede risico&#8217;s&#8221;, dus beleggingen met een hoog rendement en een zo klein mogelijk risico.<\/p>\n<\/div><\/li><li class=\"fusion-li-item\" style=\"\"><span class=\"icon-wrapper circle-no\"><i class=\"fusion-li-icon fa fa-plus-circle\" aria-hidden=\"true\"><\/i><\/span><div class=\"fusion-li-item-content\">\n<p>De digitalisering dringt in toenemende mate door in alle takken van de economie, ook in de financi\u00eble branche. Dit vormt een verder nieuw procesdomein bij de ICM InvestmentBank AG. Terwijl veel beleggers het vermogensbeheer actueel in handen geven van Robo adviseurs, dus zelflerende computeralgoritmen, benut de ICM InvestmentBank AG de digitalisering om de procedures voor de klanten te verbeteren en te vereenvoudigen. Hiertoe behoren de veilige, digitale uitwisseling van persoonsgegevens en instructies betreffende de nauwkeurige compensatie van gewijzigde aanbiedingenen gewijzigde behoeften.<\/p>\n<\/div><\/li><li class=\"fusion-li-item\" style=\"\"><span class=\"icon-wrapper circle-no\"><i class=\"fusion-li-icon fa fa-plus-circle\" aria-hidden=\"true\"><\/i><\/span><div class=\"fusion-li-item-content\">\n<p>Actuelere en omvangrijkere informatie, omdat deze via geautomatiseerde informatie-interfaces en ten alle tijde via gelijk welk medium voordelig beschikbaar kunnen worden gesteld.<\/p>\n<\/div><\/li><li class=\"fusion-li-item\" style=\"\"><span class=\"icon-wrapper circle-no\"><i class=\"fusion-li-icon fa fa-plus-circle\" aria-hidden=\"true\"><\/i><\/span><div class=\"fusion-li-item-content\">Digitalisering betekent voor ons niet om uw geld toe te vertrouwen aan zelflerende computers die in hun 2-jarige ontwikkelingsfase pas leren \u201clopen\u201d.<\/div><\/li><li class=\"fusion-li-item\" style=\"\"><span class=\"icon-wrapper circle-no\"><i class=\"fusion-li-icon fa fa-plus-circle\" aria-hidden=\"true\"><\/i><\/span><div class=\"fusion-li-item-content\">Onder goede kwaliteit verstaan we het tot stand brengen van beleggingsstrategie\u00ebn op maat en op basis van de beginselen van de natuurlijke intelligentie.<\/div><\/li><\/ul><div class=\"fusion-clearfix\"><\/div><\/div><\/div><\/div><\/div><\/div><\/p>\n","protected":false},"excerpt":{"rendered":"","protected":false},"author":10,"featured_media":0,"parent":0,"menu_order":0,"comment_status":"closed","ping_status":"closed","template":"100-width.php","meta":{"_acf_changed":false,"pmpro_default_level":"","footnotes":""},"class_list":["post-15751","page","type-page","status-publish","hentry","pmpro-has-access"],"acf":[],"yoast_head":"<!-- This site is optimized with the Yoast SEO plugin v27.4 - https:\/\/yoast.com\/product\/yoast-seo-wordpress\/ -->\n<title>Veiligheid - ICM InvestmentBank AG<\/title>\n<meta name=\"robots\" content=\"index, follow, max-snippet:-1, max-image-preview:large, max-video-preview:-1\" \/>\n<link rel=\"canonical\" href=\"https:\/\/i-c-m.de\/nl\/veiligheid\/\" \/>\n<meta property=\"og:locale\" content=\"nl_NL\" \/>\n<meta property=\"og:type\" content=\"article\" \/>\n<meta property=\"og:title\" content=\"Veiligheid - ICM InvestmentBank AG\" \/>\n<meta property=\"og:url\" content=\"https:\/\/i-c-m.de\/nl\/veiligheid\/\" \/>\n<meta property=\"og:site_name\" content=\"ICM InvestmentBank AG\" \/>\n<meta property=\"article:modified_time\" content=\"2023-01-22T23:33:41+00:00\" \/>\n<meta name=\"twitter:card\" content=\"summary_large_image\" \/>\n<meta name=\"twitter:label1\" content=\"Geschatte leestijd\" \/>\n\t<meta name=\"twitter:data1\" content=\"6 minuten\" \/>\n<script type=\"application\/ld+json\" class=\"yoast-schema-graph\">{\"@context\":\"https:\\\/\\\/schema.org\",\"@graph\":[{\"@type\":\"WebPage\",\"@id\":\"https:\\\/\\\/i-c-m.de\\\/nl\\\/veiligheid\\\/\",\"url\":\"https:\\\/\\\/i-c-m.de\\\/nl\\\/veiligheid\\\/\",\"name\":\"Veiligheid - ICM InvestmentBank AG\",\"isPartOf\":{\"@id\":\"https:\\\/\\\/i-c-m.de\\\/#website\"},\"datePublished\":\"2017-12-19T14:40:40+00:00\",\"dateModified\":\"2023-01-22T23:33:41+00:00\",\"breadcrumb\":{\"@id\":\"https:\\\/\\\/i-c-m.de\\\/nl\\\/veiligheid\\\/#breadcrumb\"},\"inLanguage\":\"nl-NL\",\"potentialAction\":[{\"@type\":\"ReadAction\",\"target\":[\"https:\\\/\\\/i-c-m.de\\\/nl\\\/veiligheid\\\/\"]}]},{\"@type\":\"BreadcrumbList\",\"@id\":\"https:\\\/\\\/i-c-m.de\\\/nl\\\/veiligheid\\\/#breadcrumb\",\"itemListElement\":[{\"@type\":\"ListItem\",\"position\":1,\"name\":\"Startseite\",\"item\":\"https:\\\/\\\/i-c-m.de\\\/nl\\\/\"},{\"@type\":\"ListItem\",\"position\":2,\"name\":\"Veiligheid\"}]},{\"@type\":\"WebSite\",\"@id\":\"https:\\\/\\\/i-c-m.de\\\/#website\",\"url\":\"https:\\\/\\\/i-c-m.de\\\/\",\"name\":\"ICM InvestmentBank AG\",\"description\":\"Unsere Expertise und Ihr Verm\u00f6gen.\",\"potentialAction\":[{\"@type\":\"SearchAction\",\"target\":{\"@type\":\"EntryPoint\",\"urlTemplate\":\"https:\\\/\\\/i-c-m.de\\\/?s={search_term_string}\"},\"query-input\":{\"@type\":\"PropertyValueSpecification\",\"valueRequired\":true,\"valueName\":\"search_term_string\"}}],\"inLanguage\":\"nl-NL\"}]}<\/script>\n<!-- \/ Yoast SEO plugin. -->","yoast_head_json":{"title":"Veiligheid - ICM InvestmentBank AG","robots":{"index":"index","follow":"follow","max-snippet":"max-snippet:-1","max-image-preview":"max-image-preview:large","max-video-preview":"max-video-preview:-1"},"canonical":"https:\/\/i-c-m.de\/nl\/veiligheid\/","og_locale":"nl_NL","og_type":"article","og_title":"Veiligheid - ICM InvestmentBank AG","og_url":"https:\/\/i-c-m.de\/nl\/veiligheid\/","og_site_name":"ICM InvestmentBank AG","article_modified_time":"2023-01-22T23:33:41+00:00","twitter_card":"summary_large_image","twitter_misc":{"Geschatte leestijd":"6 minuten"},"schema":{"@context":"https:\/\/schema.org","@graph":[{"@type":"WebPage","@id":"https:\/\/i-c-m.de\/nl\/veiligheid\/","url":"https:\/\/i-c-m.de\/nl\/veiligheid\/","name":"Veiligheid - ICM InvestmentBank AG","isPartOf":{"@id":"https:\/\/i-c-m.de\/#website"},"datePublished":"2017-12-19T14:40:40+00:00","dateModified":"2023-01-22T23:33:41+00:00","breadcrumb":{"@id":"https:\/\/i-c-m.de\/nl\/veiligheid\/#breadcrumb"},"inLanguage":"nl-NL","potentialAction":[{"@type":"ReadAction","target":["https:\/\/i-c-m.de\/nl\/veiligheid\/"]}]},{"@type":"BreadcrumbList","@id":"https:\/\/i-c-m.de\/nl\/veiligheid\/#breadcrumb","itemListElement":[{"@type":"ListItem","position":1,"name":"Startseite","item":"https:\/\/i-c-m.de\/nl\/"},{"@type":"ListItem","position":2,"name":"Veiligheid"}]},{"@type":"WebSite","@id":"https:\/\/i-c-m.de\/#website","url":"https:\/\/i-c-m.de\/","name":"ICM InvestmentBank AG","description":"Unsere Expertise und Ihr Verm\u00f6gen.","potentialAction":[{"@type":"SearchAction","target":{"@type":"EntryPoint","urlTemplate":"https:\/\/i-c-m.de\/?s={search_term_string}"},"query-input":{"@type":"PropertyValueSpecification","valueRequired":true,"valueName":"search_term_string"}}],"inLanguage":"nl-NL"}]}},"_links":{"self":[{"href":"https:\/\/i-c-m.de\/nl\/wp-json\/wp\/v2\/pages\/15751","targetHints":{"allow":["GET"]}}],"collection":[{"href":"https:\/\/i-c-m.de\/nl\/wp-json\/wp\/v2\/pages"}],"about":[{"href":"https:\/\/i-c-m.de\/nl\/wp-json\/wp\/v2\/types\/page"}],"author":[{"embeddable":true,"href":"https:\/\/i-c-m.de\/nl\/wp-json\/wp\/v2\/users\/10"}],"replies":[{"embeddable":true,"href":"https:\/\/i-c-m.de\/nl\/wp-json\/wp\/v2\/comments?post=15751"}],"version-history":[{"count":0,"href":"https:\/\/i-c-m.de\/nl\/wp-json\/wp\/v2\/pages\/15751\/revisions"}],"wp:attachment":[{"href":"https:\/\/i-c-m.de\/nl\/wp-json\/wp\/v2\/media?parent=15751"}],"curies":[{"name":"wp","href":"https:\/\/api.w.org\/{rel}","templated":true}]}}