{"id":15617,"date":"2017-12-19T14:40:41","date_gmt":"2017-12-19T13:40:41","guid":{"rendered":"http:\/\/85.214.53.239\/over-ons\/"},"modified":"2017-12-20T09:55:07","modified_gmt":"2017-12-20T08:55:07","slug":"over-ons","status":"publish","type":"page","link":"https:\/\/i-c-m.de\/nl\/over-ons\/","title":{"rendered":"Over ons"},"content":{"rendered":"<p><div id=\"Waarom-wij\" class=\"fusion-container-anchor\"><div class=\"fusion-fullwidth fullwidth-box fusion-builder-row-1 nonhundred-percent-fullwidth non-hundred-percent-height-scrolling\" style=\"--awb-border-radius-top-left:0px;--awb-border-radius-top-right:0px;--awb-border-radius-bottom-right:0px;--awb-border-radius-bottom-left:0px;--awb-padding-top:60px;--awb-padding-bottom:60px;--awb-margin-top:60px;--awb-background-color:#ffffff;--awb-flex-wrap:wrap;\" ><div class=\"fusion-builder-row fusion-row\"><div class=\"fusion-layout-column fusion_builder_column fusion-builder-column-0 fusion_builder_column_1_3 1_3 fusion-one-third fusion-column-first\" style=\"--awb-bg-size:cover;width:33.333333333333%;width:calc(33.333333333333% - ( ( 4% ) * 0.33333333333333 ) );margin-right: 4%;\"><div class=\"fusion-column-wrapper fusion-flex-column-wrapper-legacy\"><div class=\"fusion-image-element in-legacy-container\" style=\"--awb-caption-title-font-family:var(--h2_typography-font-family);--awb-caption-title-font-weight:var(--h2_typography-font-weight);--awb-caption-title-font-style:var(--h2_typography-font-style);--awb-caption-title-size:var(--h2_typography-font-size);--awb-caption-title-transform:var(--h2_typography-text-transform);--awb-caption-title-line-height:var(--h2_typography-line-height);--awb-caption-title-letter-spacing:var(--h2_typography-letter-spacing);\"><span class=\" fusion-imageframe imageframe-none imageframe-1 hover-type-none\"><img decoding=\"async\" width=\"238\" height=\"300\" title=\"ICM-Logo\" src=\"http:\/\/85.214.53.239\/wp-content\/uploads\/2017\/11\/bogensch3-238x300.png\" alt class=\"img-responsive wp-image-14301\" srcset=\"https:\/\/i-c-m.de\/wp-content\/uploads\/2017\/11\/bogensch3-200x252.png 200w, https:\/\/i-c-m.de\/wp-content\/uploads\/2017\/11\/bogensch3-400x504.png 400w, https:\/\/i-c-m.de\/wp-content\/uploads\/2017\/11\/bogensch3-600x755.png 600w, https:\/\/i-c-m.de\/wp-content\/uploads\/2017\/11\/bogensch3.png 606w\" sizes=\"(max-width: 800px) 100vw, 400px\" \/><\/span><\/div><div class=\"fusion-clearfix\"><\/div><\/div><\/div><div class=\"fusion-layout-column fusion_builder_column fusion-builder-column-1 fusion_builder_column_2_3 2_3 fusion-two-third fusion-column-last\" style=\"--awb-bg-size:cover;width:66.666666666667%;width:calc(66.666666666667% - ( ( 4% ) * 0.66666666666667 ) );\"><div class=\"fusion-column-wrapper fusion-flex-column-wrapper-legacy\"><div class=\"fusion-title title fusion-title-1 fusion-title-text fusion-title-size-one\" style=\"--awb-margin-top-small:0px;--awb-margin-right-small:0px;--awb-margin-bottom-small:20px;--awb-margin-left-small:0px;--awb-sep-color:#000000;\"><h1 class=\"fusion-title-heading title-heading-left fusion-responsive-typography-calculated\" style=\"margin:0;--fontSize:33;line-height:1.45;\"><span style=\"color: #03438a;\">VOLG ONS.<\/span><\/h1><span class=\"awb-title-spacer\"><\/span><div class=\"title-sep-container\"><div class=\"title-sep sep-single sep-solid\" style=\"border-color:#000000;\"><\/div><\/div><\/div><div class=\"fusion-text fusion-text-1\"><p style=\"text-align: left;\">Waarom u voor uw vermogensbeheer voor de ICM InvestmentBank AG zou kiezen?<\/p>\n<p style=\"text-align: left;\">De ICM InvestmentBank AG werd in 1999 opgericht als Buyout van de HypoVereinsbank-groep en beheert circa \u20ac 500 miljoen aan klantengeld.<\/p>\n<p style=\"text-align: left;\">We verhogen uw persoonlijke beleggingsdoelen en wijzen uw deposito toe aan \u00e9\u00e9n van de in totaal 216 beleggingsstrategie\u00ebn. Met deze werkwijze bereiken we twee dingen: enerzijds leidt dit tot een op maat afgestemde en topactuele oplossing voor u als klant, anderzijds kunnen de noodzakelijke aanpassingen door gewijzigde marktomstandigheden snel gebeuren. Dat is belangrijk wanneer men risico\u2019s actief wil beheren en in de greep wil houden. De ervaring leert dat teveel individualiteit een onmiddellijke reactiebereidheid blokkeert en aan het eind geld kan kosten.<\/p>\n<p>Uw persoonlijke situatie is van meet af aan belangrijk voor ons. Als zich veranderingen voordoen, kunnen we uw portefeuille tijdig daarop aanpassen \u2013 zij het dat u liquiditeit nodig hebt of uw beleggingsdoelen wilt herori\u00ebnteren.<\/p>\n<p>Transparantie is bij ons een grondregel U ontvangt een uitvoerige reporting, waarbij transparante kosten; benchmark en veel meer inbegrepen zijn.<\/p>\n<p>De kwaliteit van onze processen is gewaarborgd. Voor de bescherming van uw vermogen wordt elke beslissing gedocumenteerd. Wij voeren uw depot niet zelf, maar bieden u competente inleg-kredietinstituten aan die zich voor onze zaken onderscheiden.<\/p>\n<\/div><div class=\"fusion-button-wrapper\"><a class=\"fusion-button button-flat fusion-button-default-size button-custom fusion-button-default button-1 fusion-button-default-span fusion-button-default-type\" style=\"--button_accent_color:#ffffff;--button_accent_hover_color:#ffffff;--button_border_hover_color:#ffffff;--button-border-radius-top-left:25px;--button-border-radius-top-right:25px;--button-border-radius-bottom-right:25px;--button-border-radius-bottom-left:25px;--button_gradient_top_color:#03438a;--button_gradient_bottom_color:#03438a;--button_gradient_top_color_hover:rgba(3,67,138,0);--button_gradient_bottom_color_hover:rgba(3,67,138,0);\" target=\"_self\"><span class=\"fusion-button-text awb-button__text awb-button__text--default\">VIND UW PASSENDE BELEGGINGSSTRATEGIE<\/span><\/a><\/div><div class=\"fusion-clearfix\"><\/div><\/div><\/div><\/div><\/div><\/div><div id=\"filosofie\" class=\"fusion-container-anchor\"><div class=\"fusion-fullwidth fullwidth-box fusion-builder-row-2 nonhundred-percent-fullwidth non-hundred-percent-height-scrolling\" style=\"--awb-border-radius-top-left:0px;--awb-border-radius-top-right:0px;--awb-border-radius-bottom-right:0px;--awb-border-radius-bottom-left:0px;--awb-padding-top:60px;--awb-padding-bottom:60px;--awb-margin-top:60px;--awb-background-color:#eeeeee;--awb-flex-wrap:wrap;\" ><div class=\"fusion-builder-row fusion-row\"><div class=\"fusion-layout-column fusion_builder_column fusion-builder-column-2 fusion_builder_column_1_1 1_1 fusion-one-full fusion-column-first fusion-column-last\" style=\"--awb-bg-size:cover;\"><div class=\"fusion-column-wrapper fusion-flex-column-wrapper-legacy\"><div class=\"fusion-title title fusion-title-2 fusion-title-text fusion-title-size-one\" style=\"--awb-margin-top-small:0px;--awb-margin-right-small:0px;--awb-margin-bottom-small:20px;--awb-margin-left-small:0px;--awb-sep-color:#000000;\"><h1 class=\"fusion-title-heading title-heading-left fusion-responsive-typography-calculated\" style=\"margin:0;--fontSize:33;line-height:1.45;\"><span style=\"color: #03438a;\">ONZE FILOSOFIE: OMVATTEND, ANALYTISCH, SYSTEMATISCH.<\/span><\/h1><span class=\"awb-title-spacer\"><\/span><div class=\"title-sep-container\"><div class=\"title-sep sep-single sep-solid\" style=\"border-color:#000000;\"><\/div><\/div><\/div><div class=\"fusion-text fusion-text-2\"><header class=\"g-mb-30\"><\/header>\n<div class=\"g-mb-30\">\n<p>Successen op de financi\u00eble markten berusten in grote mate op de toegang tot de beslissende informatie en de juiste interpretatie. Alleen met knowhow, systeem en een jarenlange ervaring kunnen de kansen van morgen nu al worden herkend en beoordeeld. Onze circa 50 medewerkers zijn wereldwijd met de beste beleggingsbanken verbonden, gebruiken hun researchmateriaal en beoordelen dit om op een bede informatiebasis systematisch de ons toevertrouwde portefeuilles te beheren.<\/p>\n<\/div>\n<\/div><div class=\"fusion-clearfix\"><\/div><\/div><\/div><\/div><\/div><\/div><div id=\"team\" class=\"fusion-container-anchor\"><div class=\"fusion-fullwidth fullwidth-box fusion-builder-row-3 nonhundred-percent-fullwidth non-hundred-percent-height-scrolling\" style=\"--awb-border-radius-top-left:0px;--awb-border-radius-top-right:0px;--awb-border-radius-bottom-right:0px;--awb-border-radius-bottom-left:0px;--awb-padding-top:60px;--awb-padding-bottom:60px;--awb-margin-top:60px;--awb-background-color:#ffffff;--awb-flex-wrap:wrap;\" ><div class=\"fusion-builder-row fusion-row\"><div class=\"fusion-layout-column fusion_builder_column fusion-builder-column-3 fusion_builder_column_1_1 1_1 fusion-one-full fusion-column-first fusion-column-last\" style=\"--awb-bg-size:cover;\"><div class=\"fusion-column-wrapper fusion-flex-column-wrapper-legacy\"><div class=\"fusion-title title fusion-title-3 fusion-title-center fusion-title-text fusion-title-size-one\" style=\"--awb-margin-top-small:0px;--awb-margin-right-small:0px;--awb-margin-bottom-small:20px;--awb-margin-left-small:0px;--awb-sep-color:#000000;\"><div class=\"title-sep-container title-sep-container-left\"><div class=\"title-sep sep-single sep-solid\" style=\"border-color:#000000;\"><\/div><\/div><span class=\"awb-title-spacer\"><\/span><h1 class=\"fusion-title-heading title-heading-center fusion-responsive-typography-calculated\" style=\"margin:0;--fontSize:33;line-height:1.45;\"><span style=\"color: #03438a;\">MAAK KENNIS MET ONS TEAM<\/span><\/h1><span class=\"awb-title-spacer\"><\/span><div class=\"title-sep-container title-sep-container-right\"><div class=\"title-sep sep-single sep-solid\" style=\"border-color:#000000;\"><\/div><\/div><\/div><div class=\"fusion-text fusion-text-3\"><p style=\"text-align: center;\">We zijn een team met meer dan 50 medewerkers met de meest uiteenlopende competenties<\/p>\n<\/div><div class=\"fusion-clearfix\"><\/div><\/div><\/div><\/div><\/div><\/div><div id=\"portraet\" class=\"fusion-container-anchor\"><div class=\"fusion-fullwidth fullwidth-box fusion-builder-row-4 nonhundred-percent-fullwidth non-hundred-percent-height-scrolling\" style=\"--awb-border-radius-top-left:0px;--awb-border-radius-top-right:0px;--awb-border-radius-bottom-right:0px;--awb-border-radius-bottom-left:0px;--awb-flex-wrap:wrap;\" ><div class=\"fusion-builder-row fusion-row\"><div class=\"fusion-layout-column fusion_builder_column fusion-builder-column-4 fusion_builder_column_1_2 1_2 fusion-one-half fusion-column-first\" style=\"--awb-bg-size:cover;width:50%;width:calc(50% - ( ( 4% ) * 0.5 ) );margin-right: 4%;\"><div class=\"fusion-column-wrapper fusion-flex-column-wrapper-legacy\"><div class=\"fusion-clearfix\"><\/div><\/div><\/div><div class=\"fusion-layout-column fusion_builder_column fusion-builder-column-5 fusion_builder_column_1_2 1_2 fusion-one-half fusion-column-last\" style=\"--awb-bg-size:cover;width:50%;width:calc(50% - ( ( 4% ) * 0.5 ) );\"><div class=\"fusion-column-wrapper fusion-flex-column-wrapper-legacy\"><div class=\"fusion-clearfix\"><\/div><\/div><\/div><\/div><\/div><\/div><div id=\"onderscheidingen\" class=\"fusion-container-anchor\"><div class=\"fusion-fullwidth fullwidth-box fusion-builder-row-5 nonhundred-percent-fullwidth non-hundred-percent-height-scrolling\" style=\"--awb-border-radius-top-left:0px;--awb-border-radius-top-right:0px;--awb-border-radius-bottom-right:0px;--awb-border-radius-bottom-left:0px;--awb-padding-top:60px;--awb-padding-bottom:60px;--awb-margin-top:60px;--awb-background-color:#eeeeee;--awb-flex-wrap:wrap;\" ><div class=\"fusion-builder-row fusion-row\"><div class=\"fusion-layout-column fusion_builder_column fusion-builder-column-6 fusion_builder_column_1_2 1_2 fusion-one-half fusion-column-first\" style=\"--awb-bg-size:cover;width:50%;width:calc(50% - ( ( 4% ) * 0.5 ) );margin-right: 4%;\"><div class=\"fusion-column-wrapper fusion-flex-column-wrapper-legacy\"><div class=\"fusion-title title fusion-title-4 fusion-title-text fusion-title-size-one\" style=\"--awb-margin-top-small:0px;--awb-margin-right-small:0px;--awb-margin-bottom-small:20px;--awb-margin-left-small:0px;--awb-sep-color:#000000;\"><h1 class=\"fusion-title-heading title-heading-left fusion-responsive-typography-calculated\" style=\"margin:0;--fontSize:33;line-height:1.45;\"><p class=\"h4 u-heading-v2__title g-color-gray-dark-v2 g-font-weight-600 text-uppercase\"><span style=\"color: #03438a;\">MEERMAALS ONDERSCHEIDEN.<\/span><\/p><\/h1><span class=\"awb-title-spacer\"><\/span><div class=\"title-sep-container\"><div class=\"title-sep sep-single sep-solid\" style=\"border-color:#000000;\"><\/div><\/div><\/div><div class=\"fusion-text fusion-text-4\"><header class=\"g-mb-30\"><\/header>\n<div class=\"g-mb-30\">\n<p>Nicht nur unsere Kunden sind zufrieden mit uns. Auch die Fachwelt bewertet uns mit Bestnoten. Hier eine Auswahl unserer j\u00fcngsten Auszeichnungen:<\/p>\n<\/div>\n<\/div><ul style=\"--awb-size:13px;--awb-iconcolor:#012499;--awb-line-height:22.1px;--awb-icon-width:22.1px;--awb-icon-height:22.1px;--awb-icon-margin:9.1px;--awb-content-margin:31.2px;\" class=\"fusion-checklist fusion-checklist-1 fusion-checklist-default type-icons\"><li class=\"fusion-li-item\" style=\"\"><span class=\"icon-wrapper circle-no\"><i class=\"fusion-li-icon fa fa-tag\" aria-hidden=\"true\"><\/i><\/span><div class=\"fusion-li-item-content\">\n<p>Deutscher Fondspreis 2017:<br \/>\nHet Instituut voor vermogensopbouw beoordeelt ons mengfonds \u201eLeonardo UI\u201c als \u201cuitstekend\u201d.<\/p>\n<\/div><\/li><li class=\"fusion-li-item\" style=\"\"><span class=\"icon-wrapper circle-no\"><i class=\"fusion-li-icon fa fa-tag\" aria-hidden=\"true\"><\/i><\/span><div class=\"fusion-li-item-content\">\n<p>WiWo beste vermogensbeheerder 2017:<br \/>\nOnderscheiden in het segment: De meest performante geldmanager over vijf jaar<\/p>\n<\/div><\/li><li class=\"fusion-li-item\" style=\"\"><span class=\"icon-wrapper circle-no\"><i class=\"fusion-li-icon fa fa-tag\" aria-hidden=\"true\"><\/i><\/span><div class=\"fusion-li-item-content\">\n<p><i class=\"icon-check g-color-primary g-mt-5 g-mr-10\"><\/i>Fund Award 2015:<br \/>\nOnderscheiding van het maandblad \u20acuro voor het ICM-mengfonds\u00a0\u201eLeonardo UI\u201c.<\/p>\n<\/div><\/li><\/ul><div class=\"fusion-clearfix\"><\/div><\/div><\/div><div class=\"fusion-layout-column fusion_builder_column fusion-builder-column-7 fusion_builder_column_1_2 1_2 fusion-one-half fusion-column-last\" style=\"--awb-bg-size:cover;width:50%;width:calc(50% - ( ( 4% ) * 0.5 ) );\"><div class=\"fusion-column-wrapper fusion-flex-column-wrapper-legacy\"><div class=\"fusion-image-element in-legacy-container\" style=\"--awb-caption-title-font-family:var(--h2_typography-font-family);--awb-caption-title-font-weight:var(--h2_typography-font-weight);--awb-caption-title-font-style:var(--h2_typography-font-style);--awb-caption-title-size:var(--h2_typography-font-size);--awb-caption-title-transform:var(--h2_typography-text-transform);--awb-caption-title-line-height:var(--h2_typography-line-height);--awb-caption-title-letter-spacing:var(--h2_typography-letter-spacing);\"><span class=\" fusion-imageframe imageframe-none imageframe-2 hover-type-none\"><img decoding=\"async\" width=\"1024\" height=\"520\" title=\"awards\" src=\"http:\/\/85.214.53.239\/wp-content\/uploads\/2017\/11\/awards-3-1024x520.png\" alt class=\"img-responsive wp-image-14319\" srcset=\"https:\/\/i-c-m.de\/wp-content\/uploads\/2017\/11\/awards-3-200x102.png 200w, https:\/\/i-c-m.de\/wp-content\/uploads\/2017\/11\/awards-3-400x203.png 400w, https:\/\/i-c-m.de\/wp-content\/uploads\/2017\/11\/awards-3-600x305.png 600w, https:\/\/i-c-m.de\/wp-content\/uploads\/2017\/11\/awards-3-800x406.png 800w, https:\/\/i-c-m.de\/wp-content\/uploads\/2017\/11\/awards-3.png 1170w\" sizes=\"(max-width: 800px) 100vw, 600px\" \/><\/span><\/div><div class=\"fusion-clearfix\"><\/div><\/div><\/div><\/div><\/div><\/div><div id=\"partner\" class=\"fusion-container-anchor\"><div class=\"fusion-fullwidth fullwidth-box fusion-builder-row-6 nonhundred-percent-fullwidth non-hundred-percent-height-scrolling\" style=\"--awb-border-radius-top-left:0px;--awb-border-radius-top-right:0px;--awb-border-radius-bottom-right:0px;--awb-border-radius-bottom-left:0px;--awb-padding-top:60px;--awb-padding-bottom:60px;--awb-margin-top:60px;--awb-background-color:#ffffff;--awb-flex-wrap:wrap;\" ><div class=\"fusion-builder-row fusion-row\"><div class=\"fusion-layout-column fusion_builder_column fusion-builder-column-8 fusion_builder_column_1_1 1_1 fusion-one-full fusion-column-first fusion-column-last\" style=\"--awb-bg-size:cover;\"><div class=\"fusion-column-wrapper fusion-flex-column-wrapper-legacy\"><div class=\"fusion-title title fusion-title-5 fusion-title-text fusion-title-size-one\" style=\"--awb-margin-top-small:0px;--awb-margin-right-small:0px;--awb-margin-bottom-small:20px;--awb-margin-left-small:0px;--awb-sep-color:#000000;\"><h1 class=\"fusion-title-heading title-heading-left fusion-responsive-typography-calculated\" style=\"margin:0;--fontSize:33;line-height:1.45;\"><span style=\"color: #03438a;\">PARTNERS &amp; LICENTIES<\/span><\/h1><span class=\"awb-title-spacer\"><\/span><div class=\"title-sep-container\"><div class=\"title-sep sep-single sep-solid\" style=\"border-color:#000000;\"><\/div><\/div><\/div><div class=\"fusion-text fusion-text-5\"><header class=\"g-mb-30\"><\/header>\n<div class=\"g-mb-30\">\n<p>De ICM InvestmentBank AG is al meer dan 15 jaar met succes actief. In deze tijd hebben we een netwerk van sterke, betrouwbare partners opgebouwd, met wie we al jarenlang onze grondregels inzake professionaliteit, veiligheid en effici\u00ebntie hebben opgebouwd &#8211; maar waarin ook het vertrouwen tussen mensen speelt en versterkt werd.<\/p>\n<\/div>\n<\/div><div class=\"fusion-clearfix\"><\/div><\/div><\/div><\/div><\/div><\/div><div class=\"fusion-fullwidth fullwidth-box fusion-builder-row-7 hundred-percent-fullwidth non-hundred-percent-height-scrolling\" style=\"--awb-border-radius-top-left:0px;--awb-border-radius-top-right:0px;--awb-border-radius-bottom-right:0px;--awb-border-radius-bottom-left:0px;--awb-flex-wrap:wrap;\" ><div class=\"fusion-builder-row fusion-row\"><div class=\"fusion-layout-column fusion_builder_column fusion-builder-column-9 fusion_builder_column_1_1 1_1 fusion-one-full fusion-column-first fusion-column-last\" style=\"--awb-bg-size:cover;\"><div class=\"fusion-column-wrapper fusion-flex-column-wrapper-legacy\"><div class=\"fusion-image-carousel fusion-image-carousel-fixed fusion-image-carousel-1\"><div class=\"awb-carousel awb-swiper awb-swiper-carousel awb-carousel--carousel awb-swiper-dots-position-bottom\" data-layout=\"carousel\" data-autoplay=\"yes\" data-autoplayspeed=\"2500\" data-autoplaypause=\"no\" data-columns=\"5\" data-columnsmedium=\"1\" data-columnssmall=\"1\" data-itemmargin=\"25\" data-itemwidth=\"180\" data-touchscroll=\"no\" data-freemode=\"no\" data-imagesize=\"fixed\" data-scrollitems=\"0\" data-centeredslides=\"no\" data-rotationangle=\"50\" data-depth=\"100\" data-speed=\"500\" data-shadow=\"no\" data-pagination=\"bullets\" style=\"--awb-column-spacing:25px;\"><div class=\"swiper-wrapper awb-image-carousel-wrapper fusion-flex-align-items-center\"><div class=\"swiper-slide\"><div class=\"fusion-carousel-item-wrapper\"><div class=\"fusion-image-wrapper hover-type-none\"><img decoding=\"async\" src=\"http:\/\/85.214.53.239\/wp-content\/uploads\/2017\/11\/baader.png\" alt=\"\"\/><\/div><\/div><\/div><div class=\"swiper-slide\"><div class=\"fusion-carousel-item-wrapper\"><div class=\"fusion-image-wrapper hover-type-none\"><img decoding=\"async\" src=\"http:\/\/85.214.53.239\/wp-content\/uploads\/2017\/11\/bafin.png\" alt=\"\"\/><\/div><\/div><\/div><div class=\"swiper-slide\"><div class=\"fusion-carousel-item-wrapper\"><div class=\"fusion-image-wrapper hover-type-none\"><img decoding=\"async\" src=\"http:\/\/85.214.53.239\/wp-content\/uploads\/2017\/11\/logo_dab-bnp-paribas_rgb.png\" alt=\"\"\/><\/div><\/div><\/div><div class=\"swiper-slide\"><div class=\"fusion-carousel-item-wrapper\"><div class=\"fusion-image-wrapper hover-type-none\"><img decoding=\"async\" src=\"http:\/\/85.214.53.239\/wp-content\/uploads\/2017\/11\/dzb.png\" alt=\"\"\/><\/div><\/div><\/div><div class=\"swiper-slide\"><div class=\"fusion-carousel-item-wrapper\"><div class=\"fusion-image-wrapper hover-type-none\"><img decoding=\"async\" src=\"http:\/\/85.214.53.239\/wp-content\/uploads\/2017\/11\/fsma.png\" alt=\"\"\/><\/div><\/div><\/div><div class=\"swiper-slide\"><div class=\"fusion-carousel-item-wrapper\"><div class=\"fusion-image-wrapper hover-type-none\"><img decoding=\"async\" src=\"http:\/\/85.214.53.239\/wp-content\/uploads\/2017\/11\/lgt.png\" alt=\"\"\/><\/div><\/div><\/div><div class=\"swiper-slide\"><div class=\"fusion-carousel-item-wrapper\"><div class=\"fusion-image-wrapper hover-type-none\"><img decoding=\"async\" src=\"http:\/\/85.214.53.239\/wp-content\/uploads\/2017\/11\/saxo.png\" alt=\"\"\/><\/div><\/div><\/div><\/div><\/div><\/div><div class=\"fusion-clearfix\"><\/div><\/div><\/div><\/div><\/div><\/p>\n","protected":false},"excerpt":{"rendered":"","protected":false},"author":10,"featured_media":0,"parent":0,"menu_order":0,"comment_status":"closed","ping_status":"closed","template":"100-width.php","meta":{"_acf_changed":false,"pmpro_default_level":"","footnotes":""},"class_list":["post-15617","page","type-page","status-publish","hentry","pmpro-has-access"],"acf":[],"yoast_head":"<!-- This site is optimized with the Yoast SEO plugin v27.1.1 - https:\/\/yoast.com\/product\/yoast-seo-wordpress\/ -->\n<title>Over ons - ICM InvestmentBank AG<\/title>\n<meta name=\"robots\" content=\"index, follow, max-snippet:-1, max-image-preview:large, max-video-preview:-1\" \/>\n<link rel=\"canonical\" href=\"https:\/\/i-c-m.de\/nl\/over-ons\/\" \/>\n<meta property=\"og:locale\" content=\"nl_NL\" \/>\n<meta property=\"og:type\" content=\"article\" \/>\n<meta property=\"og:title\" content=\"Over ons - ICM InvestmentBank AG\" \/>\n<meta property=\"og:url\" content=\"https:\/\/i-c-m.de\/nl\/over-ons\/\" \/>\n<meta property=\"og:site_name\" content=\"ICM InvestmentBank AG\" \/>\n<meta property=\"article:modified_time\" content=\"2017-12-20T08:55:07+00:00\" \/>\n<meta name=\"twitter:card\" content=\"summary_large_image\" \/>\n<meta name=\"twitter:label1\" content=\"Geschatte leestijd\" \/>\n\t<meta name=\"twitter:data1\" content=\"11 minuten\" \/>\n<script type=\"application\/ld+json\" class=\"yoast-schema-graph\">{\"@context\":\"https:\/\/schema.org\",\"@graph\":[{\"@type\":\"WebPage\",\"@id\":\"https:\/\/i-c-m.de\/nl\/over-ons\/\",\"url\":\"https:\/\/i-c-m.de\/nl\/over-ons\/\",\"name\":\"Over ons - ICM InvestmentBank AG\",\"isPartOf\":{\"@id\":\"https:\/\/i-c-m.de\/#website\"},\"datePublished\":\"2017-12-19T13:40:41+00:00\",\"dateModified\":\"2017-12-20T08:55:07+00:00\",\"breadcrumb\":{\"@id\":\"https:\/\/i-c-m.de\/nl\/over-ons\/#breadcrumb\"},\"inLanguage\":\"nl-NL\",\"potentialAction\":[{\"@type\":\"ReadAction\",\"target\":[\"https:\/\/i-c-m.de\/nl\/over-ons\/\"]}]},{\"@type\":\"BreadcrumbList\",\"@id\":\"https:\/\/i-c-m.de\/nl\/over-ons\/#breadcrumb\",\"itemListElement\":[{\"@type\":\"ListItem\",\"position\":1,\"name\":\"Startseite\",\"item\":\"https:\/\/i-c-m.de\/nl\/\"},{\"@type\":\"ListItem\",\"position\":2,\"name\":\"Over ons\"}]},{\"@type\":\"WebSite\",\"@id\":\"https:\/\/i-c-m.de\/#website\",\"url\":\"https:\/\/i-c-m.de\/\",\"name\":\"ICM InvestmentBank AG\",\"description\":\"Unsere Expertise und Ihr Verm\u00f6gen.\",\"potentialAction\":[{\"@type\":\"SearchAction\",\"target\":{\"@type\":\"EntryPoint\",\"urlTemplate\":\"https:\/\/i-c-m.de\/?s={search_term_string}\"},\"query-input\":{\"@type\":\"PropertyValueSpecification\",\"valueRequired\":true,\"valueName\":\"search_term_string\"}}],\"inLanguage\":\"nl-NL\"}]}<\/script>\n<!-- \/ Yoast SEO plugin. -->","yoast_head_json":{"title":"Over ons - ICM InvestmentBank AG","robots":{"index":"index","follow":"follow","max-snippet":"max-snippet:-1","max-image-preview":"max-image-preview:large","max-video-preview":"max-video-preview:-1"},"canonical":"https:\/\/i-c-m.de\/nl\/over-ons\/","og_locale":"nl_NL","og_type":"article","og_title":"Over ons - ICM InvestmentBank AG","og_url":"https:\/\/i-c-m.de\/nl\/over-ons\/","og_site_name":"ICM InvestmentBank AG","article_modified_time":"2017-12-20T08:55:07+00:00","twitter_card":"summary_large_image","twitter_misc":{"Geschatte leestijd":"11 minuten"},"schema":{"@context":"https:\/\/schema.org","@graph":[{"@type":"WebPage","@id":"https:\/\/i-c-m.de\/nl\/over-ons\/","url":"https:\/\/i-c-m.de\/nl\/over-ons\/","name":"Over ons - ICM InvestmentBank AG","isPartOf":{"@id":"https:\/\/i-c-m.de\/#website"},"datePublished":"2017-12-19T13:40:41+00:00","dateModified":"2017-12-20T08:55:07+00:00","breadcrumb":{"@id":"https:\/\/i-c-m.de\/nl\/over-ons\/#breadcrumb"},"inLanguage":"nl-NL","potentialAction":[{"@type":"ReadAction","target":["https:\/\/i-c-m.de\/nl\/over-ons\/"]}]},{"@type":"BreadcrumbList","@id":"https:\/\/i-c-m.de\/nl\/over-ons\/#breadcrumb","itemListElement":[{"@type":"ListItem","position":1,"name":"Startseite","item":"https:\/\/i-c-m.de\/nl\/"},{"@type":"ListItem","position":2,"name":"Over ons"}]},{"@type":"WebSite","@id":"https:\/\/i-c-m.de\/#website","url":"https:\/\/i-c-m.de\/","name":"ICM InvestmentBank AG","description":"Unsere Expertise und Ihr Verm\u00f6gen.","potentialAction":[{"@type":"SearchAction","target":{"@type":"EntryPoint","urlTemplate":"https:\/\/i-c-m.de\/?s={search_term_string}"},"query-input":{"@type":"PropertyValueSpecification","valueRequired":true,"valueName":"search_term_string"}}],"inLanguage":"nl-NL"}]}},"_links":{"self":[{"href":"https:\/\/i-c-m.de\/nl\/wp-json\/wp\/v2\/pages\/15617","targetHints":{"allow":["GET"]}}],"collection":[{"href":"https:\/\/i-c-m.de\/nl\/wp-json\/wp\/v2\/pages"}],"about":[{"href":"https:\/\/i-c-m.de\/nl\/wp-json\/wp\/v2\/types\/page"}],"author":[{"embeddable":true,"href":"https:\/\/i-c-m.de\/nl\/wp-json\/wp\/v2\/users\/10"}],"replies":[{"embeddable":true,"href":"https:\/\/i-c-m.de\/nl\/wp-json\/wp\/v2\/comments?post=15617"}],"version-history":[{"count":0,"href":"https:\/\/i-c-m.de\/nl\/wp-json\/wp\/v2\/pages\/15617\/revisions"}],"wp:attachment":[{"href":"https:\/\/i-c-m.de\/nl\/wp-json\/wp\/v2\/media?parent=15617"}],"curies":[{"name":"wp","href":"https:\/\/api.w.org\/{rel}","templated":true}]}}