{"id":15587,"date":"2017-12-19T13:08:26","date_gmt":"2017-12-19T12:08:26","guid":{"rendered":"http:\/\/85.214.53.239\/fees\/"},"modified":"2019-08-13T13:25:31","modified_gmt":"2019-08-13T11:25:31","slug":"fees","status":"publish","type":"page","link":"https:\/\/i-c-m.de\/en\/fees\/","title":{"rendered":"Fees"},"content":{"rendered":"<p><div class=\"fusion-fullwidth fullwidth-box fusion-builder-row-1 nonhundred-percent-fullwidth non-hundred-percent-height-scrolling\" style=\"--awb-border-radius-top-left:0px;--awb-border-radius-top-right:0px;--awb-border-radius-bottom-right:0px;--awb-border-radius-bottom-left:0px;--awb-margin-top:20px;--awb-flex-wrap:wrap;\" ><div class=\"fusion-builder-row fusion-row\"><div class=\"fusion-layout-column fusion_builder_column fusion-builder-column-0 fusion_builder_column_1_3 1_3 fusion-one-third fusion-column-first\" style=\"--awb-bg-size:cover;width:33.333333333333%;width:calc(33.333333333333% - ( ( 4% ) * 0.33333333333333 ) );margin-right: 4%;\"><div class=\"fusion-column-wrapper fusion-flex-column-wrapper-legacy\"><div class=\"fusion-image-element in-legacy-container\" style=\"--awb-caption-title-font-family:var(--h2_typography-font-family);--awb-caption-title-font-weight:var(--h2_typography-font-weight);--awb-caption-title-font-style:var(--h2_typography-font-style);--awb-caption-title-size:var(--h2_typography-font-size);--awb-caption-title-transform:var(--h2_typography-text-transform);--awb-caption-title-line-height:var(--h2_typography-line-height);--awb-caption-title-letter-spacing:var(--h2_typography-letter-spacing);\"><span class=\" fusion-imageframe imageframe-none imageframe-1 hover-type-none\"><img decoding=\"async\" width=\"606\" height=\"763\" title=\"ICM-Logo\" src=\"https:\/\/i-c-m.de\/wp-content\/uploads\/2017\/11\/bogensch3.png\" alt class=\"img-responsive wp-image-14302\" srcset=\"https:\/\/i-c-m.de\/wp-content\/uploads\/2017\/11\/bogensch3-200x252.png 200w, https:\/\/i-c-m.de\/wp-content\/uploads\/2017\/11\/bogensch3-400x504.png 400w, https:\/\/i-c-m.de\/wp-content\/uploads\/2017\/11\/bogensch3-600x755.png 600w, https:\/\/i-c-m.de\/wp-content\/uploads\/2017\/11\/bogensch3.png 606w\" sizes=\"(max-width: 800px) 100vw, 400px\" \/><\/span><\/div><div class=\"fusion-clearfix\"><\/div><\/div><\/div><div class=\"fusion-layout-column fusion_builder_column fusion-builder-column-1 fusion_builder_column_2_3 2_3 fusion-two-third fusion-column-last\" style=\"--awb-bg-size:cover;width:66.666666666667%;width:calc(66.666666666667% - ( ( 4% ) * 0.66666666666667 ) );\"><div class=\"fusion-column-wrapper fusion-flex-column-wrapper-legacy\"><div class=\"fusion-title title fusion-title-1 fusion-title-text fusion-title-size-one\" style=\"--awb-margin-top-small:10px;--awb-margin-right-small:0px;--awb-margin-bottom-small:10px;--awb-margin-left-small:0px;--awb-sep-color:#03438a;\"><h1 class=\"fusion-title-heading title-heading-left fusion-responsive-typography-calculated\" style=\"margin:0;--fontSize:33;line-height:1.45;\"><span style=\"color: #03438a;\">WHAT DOES OUR SERVICE COST?<\/span><\/h1><span class=\"awb-title-spacer\"><\/span><div class=\"title-sep-container\"><div class=\"title-sep sep-single sep-solid\" style=\"border-color:#03438a;\"><\/div><\/div><\/div><div class=\"fusion-text fusion-text-1\"><p>Our service is one of the best &#8211; and you will know the fees from day One. An unclear pricing scheme would quickly lead to a significant cost factor. For this reason, we wish to offer you 100% transparency by means of an interesting performance-based pricing scheme.<\/p>\n<p style=\"font-weight: 400;\">Our fee model includes the following variants:<\/p>\n<\/div><ul style=\"--awb-size:15px;--awb-iconcolor:#03438a;--awb-line-height:25.5px;--awb-icon-width:25.5px;--awb-icon-height:25.5px;--awb-icon-margin:10.5px;--awb-content-margin:36px;\" class=\"fusion-checklist fusion-checklist-1 fusion-checklist-default type-icons\"><li class=\"fusion-li-item\" style=\"\"><span class=\"icon-wrapper circle-no\"><i class=\"fusion-li-icon fa-check-square far\" aria-hidden=\"true\"><\/i><\/span><div class=\"fusion-li-item-content\">\n<p style=\"font-weight: 400;\"><strong>Transaction Independent Compensation &#8220;all in&#8221;<\/strong> &#8211; \u00a0This means: all costs for our asset management as well as all your transaction costs are covered by the custodian bank. External costs of the custodian bank are passed on. Depending on the composition of your depot, the costs range from 1% to 1.5% plus VAT.<\/p>\n<\/div><\/li><li class=\"fusion-li-item\" style=\"\"><span class=\"icon-wrapper circle-no\"><i class=\"fusion-li-icon fa fa-check-square-o\" aria-hidden=\"true\"><\/i><\/span><div class=\"fusion-li-item-content\">\n<p><strong><span class=\"TextRun SCXW175756012\" lang=\"DE-DE\" xml:lang=\"DE-DE\"><span class=\"NormalTextRun SCXW175756012\">T<\/span><\/span><span class=\"TextRun SCXW175756012\" lang=\"DE-DE\" xml:lang=\"DE-DE\"><span class=\"NormalTextRun SCXW175756012\">ransaktionsabh\u00e4ngige Verm\u00f6gensverw<\/span><\/span><span class=\"TextRun SCXW175756012\" lang=\"DE-DE\" xml:lang=\"DE-DE\"><span class=\"NormalTextRun SCXW175756012\">a<\/span><\/span><span class=\"TextRun SCXW175756012\" lang=\"DE-DE\" xml:lang=\"DE-DE\"><span class=\"NormalTextRun SCXW175756012\">l<\/span><\/span><span class=\"TextRun SCXW175756012\" lang=\"DE-DE\" xml:lang=\"DE-DE\"><span class=\"NormalTextRun SCXW175756012\">tung<\/span><\/span><\/strong><span class=\"TextRun SCXW175756012\" lang=\"DE-DE\" xml:lang=\"DE-DE\"><span class=\"NormalTextRun SCXW175756012\"><strong>sverg\u00fctung<\/strong> von 0,5 % bis 1 % zzgl. MwSt. und t<\/span><\/span><span class=\"TextRun SCXW175756012\" lang=\"DE-DE\" xml:lang=\"DE-DE\"><span class=\"NormalTextRun SCXW175756012\">ransaktionsbezogene Verg\u00fctung \u2013 d. h. Sie bezahlen f\u00fcr\u00a0<\/span><\/span><span class=\"TextRun SCXW175756012\" lang=\"DE-DE\" xml:lang=\"DE-DE\"><span class=\"NormalTextRun SCXW175756012\">unsere<\/span><\/span><span class=\"TextRun SCXW175756012\" lang=\"DE-DE\" xml:lang=\"DE-DE\"><span class=\"NormalTextRun SCXW175756012\">\u00a0Verm\u00f6gensverwaltung<\/span><\/span><span class=\"TextRun SCXW175756012\" lang=\"DE-DE\" xml:lang=\"DE-DE\"><span class=\"NormalTextRun SCXW175756012\">\u00a0eine Verm\u00f6gensverwaltungsgeb\u00fchr.<\/span><\/span><span class=\"TextRun SCXW175756012\" lang=\"DE-DE\" xml:lang=\"DE-DE\"><span class=\"NormalTextRun SCXW175756012\">\u00a0Zus\u00e4tzlich stellen wir Ihnen die Transaktionskosten je Transaktion, abh\u00e4ngig vom gew\u00e4hlten Transaktionsmodell in Rechnung.<\/span><\/span><span class=\"TextRun SCXW175756012\" lang=\"DE-DE\" xml:lang=\"DE-DE\"><span class=\"NormalTextRun SCXW175756012\">\u00a0Die depotf\u00fchrende Bank rechnet kostenfrei ab, fremde Kosten der depotf\u00fchrenden Bank werden durchgereicht. Die Transaktionskosten betragen je nach Modell bei Aktien 0,5 bis 1 %, bei Anleihen 0,25 bis 0,5 %.<\/span><\/span><\/p>\n<\/div><\/li><li class=\"fusion-li-item\" style=\"\"><span class=\"icon-wrapper circle-no\"><i class=\"fusion-li-icon fa fa-check-square-o\" aria-hidden=\"true\"><\/i><\/span><div class=\"fusion-li-item-content\">\n<p style=\"font-weight: 400;\"><strong>Profit sharing<\/strong> &#8211; in addition there is the possibility to agree a profit share. Here we meet you in the basic fees.<\/p>\n<\/div><\/li><li class=\"fusion-li-item\" style=\"\"><span class=\"icon-wrapper circle-no\"><i class=\"fusion-li-icon fa fa-check-square-o\" aria-hidden=\"true\"><\/i><\/span><div class=\"fusion-li-item-content\">\n<p><strong><span class=\"TextRun SCXW194482051\" lang=\"DE-DE\" xml:lang=\"DE-DE\"><span class=\"NormalTextRun SCXW194482051\">Transaktionsgeb\u00fchr\u00a0<\/span><\/span>bei ICM Alternatives<\/strong> \u2013 darunter fallen ausschlie\u00dflich Transaktionen im Anlagebereich Alternatives (Rohstoffe &amp; Devisen). Die Transaktionsgeb\u00fchr je Transaktion bel\u00e4uft sich auf 37,50\u20ac.<\/p>\n<\/div><\/li><\/ul><div class=\"fusion-text fusion-text-2\"><p><span class=\"TextRun SCXW210430442\" lang=\"DE-DE\" xml:lang=\"DE-DE\"><span class=\"NormalTextRun SCXW210430442\">Unsere G<\/span><\/span><span class=\"TextRun SCXW210430442\" lang=\"DE-DE\" xml:lang=\"DE-DE\"><span class=\"NormalTextRun SCXW210430442\">eb\u00fchrenstruktur ist transparent,\u00a0<\/span><\/span><span class=\"TextRun SCXW210430442\" lang=\"DE-DE\" xml:lang=\"DE-DE\"><span class=\"NormalTextRun SCXW210430442\">umfasst kein Kleingedrucktes und ist ohne \u00dcberraschungen.<\/span><\/span><span class=\"EOP SCXW210430442\" data-ccp-props=\"\">\u00a0<\/span><\/p>\n<\/div><div class=\"fusion-clearfix\"><\/div><\/div><\/div><\/div><\/div><div class=\"fusion-fullwidth fullwidth-box fusion-builder-row-2 nonhundred-percent-fullwidth non-hundred-percent-height-scrolling icm__table\" style=\"--awb-border-radius-top-left:0px;--awb-border-radius-top-right:0px;--awb-border-radius-bottom-right:0px;--awb-border-radius-bottom-left:0px;--awb-padding-top:60px;--awb-padding-bottom:60px;--awb-margin-top:60px;--awb-background-color:#939393;--awb-flex-wrap:wrap;\" ><div class=\"fusion-builder-row fusion-row\"><div class=\"fusion-layout-column fusion_builder_column fusion-builder-column-2 fusion_builder_column_1_1 1_1 fusion-one-full fusion-column-first fusion-column-last\" style=\"--awb-bg-size:cover;\"><div class=\"fusion-column-wrapper fusion-flex-column-wrapper-legacy\"><div class=\"fusion-title title fusion-title-2 fusion-title-text fusion-title-size-one\" style=\"--awb-margin-top-small:10px;--awb-margin-right-small:0px;--awb-margin-bottom-small:10px;--awb-margin-left-small:0px;--awb-sep-color:#ffffff;\"><h1 class=\"fusion-title-heading title-heading-left fusion-responsive-typography-calculated\" style=\"margin:0;--fontSize:33;line-height:1.45;\"><span style=\"color: #ffffff;\">OUR FEES MATRIX AT A GLANCE<\/span><\/h1><span class=\"awb-title-spacer\"><\/span><div class=\"title-sep-container\"><div class=\"title-sep sep-single sep-solid\" style=\"border-color:#ffffff;\"><\/div><\/div><\/div>\n<div class=\"table-1\">\n<table style=\"width: 95.4664%;\" width=\"100%\">\n<thead>\n<tr>\n<th style=\"width: 15.4919%;\" align=\"left\">\n<h6><strong>Type of cost<\/strong><\/h6>\n<\/th>\n<th style=\"width: 4.73812%;\" align=\"left\">\n<h6 style=\"text-align: center;\"><strong>Leo G<\/strong><\/h6>\n<\/th>\n<th style=\"width: 6.21402%;\" align=\"left\">\n<h6><strong>Alternatives<\/strong><\/h6>\n<\/th>\n<th style=\"width: 5.9984%;\" align=\"left\">\n<h6><strong>Midgrade EUR 10<\/strong><\/h6>\n<\/th>\n<th style=\"width: 6.08569%;\" align=\"left\">\n<h6><strong>Midgrade EUR 20<\/strong><\/h6>\n<\/th>\n<th style=\"width: 6.91814%;\" align=\"left\">\n<h6><strong>Midgrade All Curr 10<\/strong><\/h6>\n<\/th>\n<th style=\"width: 6.98415%;\" align=\"left\">\n<h6><strong>Midgrade All Curr 20<\/strong><\/h6>\n<\/th>\n<th style=\"width: 6.87022%;\" align=\"left\">\n<h6><strong>Midgrade All Curr 30<\/strong><\/h6>\n<\/th>\n<th style=\"width: 6.67297%;\" align=\"left\">\n<h6><strong>Allgrade<br \/>\n                            All Curr 20<\/strong><\/h6>\n<\/th>\n<th style=\"width: 6.52798%;\">\n<h6 style=\"text-align: left;\"><strong>Allgrade<br \/>\n                            All Curr 30<\/strong><\/h6>\n<\/th>\n<th style=\"width: 6.4554%;\">\n<h6 style=\"text-align: left;\"><strong>Allgrade<br \/>\n                            All EUR 20<\/strong><\/h6>\n<\/th>\n<th style=\"width: 6.54797%;\">\n<h6 style=\"text-align: left;\"><strong>Allgrade<br \/>\n                            All EUR 30<\/strong><\/h6>\n<\/th>\n<th style=\"width: 4.85899%;\" align=\"left\">\n<h6><strong>Shares<\/strong><\/h6>\n<\/th>\n<th style=\"width: 5.10256%;\" align=\"left\">\n<h6><strong>ETF<\/strong><\/h6>\n<\/th>\n<\/tr>\n<\/thead>\n<tbody>\n<tr>\n<td style=\"width: 15.4919%;\" align=\"left\">\n<h6><strong>Management Fee in %<\/strong><\/h6>\n<\/td>\n<td style=\"text-align: right; width: 4.73812%;\" align=\"left\">\n<h6>1,50<\/h6>\n<\/td>\n<td style=\"text-align: right; width: 6.21402%;\" align=\"left\">\n<h6>1,50<\/h6>\n<\/td>\n<td style=\"text-align: right; width: 5.9984%;\" align=\"left\">\n<h6>0,75<\/h6>\n<\/td>\n<td style=\"text-align: right; width: 6.08569%;\" align=\"left\">\n<h6>0,75<\/h6>\n<\/td>\n<td style=\"text-align: right; width: 6.91814%;\" align=\"left\">\n<h6>0,75<\/h6>\n<\/td>\n<td style=\"text-align: right; width: 6.98415%;\" align=\"left\">\n<h6>0,75<\/h6>\n<\/td>\n<td style=\"text-align: right; width: 6.87022%;\" align=\"left\">\n<h6>0,75<\/h6>\n<\/td>\n<td style=\"text-align: right; width: 6.67297%;\" align=\"left\">\n<h6>0,75<\/h6>\n<\/td>\n<td style=\"text-align: right; width: 6.52798%;\">\n<h6>0,75<\/h6>\n<\/td>\n<td style=\"text-align: right; width: 6.4554%;\">\n<h6>0,75<\/h6>\n<\/td>\n<td style=\"text-align: right; width: 6.54797%;\">\n<h6>0,75<\/h6>\n<\/td>\n<td style=\"text-align: right; width: 4.85899%;\" align=\"left\">\n<h6>1,0<\/h6>\n<\/td>\n<td style=\"text-align: right; width: 5.10256%;\" align=\"left\">\n<h6>0,75<\/h6>\n<\/td>\n<\/tr>\n<tr>\n<td style=\"width: 15.4919%;\" align=\"left\">\n<h6><strong>Cost per transaction volume based %<\/strong><\/h6>\n<\/td>\n<td style=\"text-align: right; width: 4.73812%;\" align=\"left\">\n<h6>0<\/h6>\n<\/td>\n<td style=\"text-align: right; width: 6.21402%;\" align=\"left\">\n<h6>0<\/h6>\n<\/td>\n<td style=\"text-align: right; width: 5.9984%;\" align=\"left\">\n<h6>0,25<\/h6>\n<\/td>\n<td style=\"text-align: right; width: 6.08569%;\" align=\"left\">\n<h6>0,25<\/h6>\n<\/td>\n<td style=\"text-align: right; width: 6.91814%;\" align=\"left\">\n<h6>0,25<\/h6>\n<\/td>\n<td style=\"text-align: right; width: 6.98415%;\" align=\"left\">\n<h6>0,25<\/h6>\n<\/td>\n<td style=\"text-align: right; width: 6.87022%;\" align=\"left\">\n<h6>0,25<\/h6>\n<\/td>\n<td style=\"text-align: right; width: 6.67297%;\" align=\"left\">\n<h6>0,25<\/h6>\n<\/td>\n<td style=\"text-align: right; width: 6.52798%;\">\n<h6>0,25<\/h6>\n<\/td>\n<td style=\"text-align: right; width: 6.4554%;\">\n<h6>0,25<\/h6>\n<\/td>\n<td style=\"text-align: right; width: 6.54797%;\">\n<h6>0,25<\/h6>\n<\/td>\n<td style=\"text-align: right; width: 4.85899%;\" align=\"left\">\n<h6>0,25<\/h6>\n<\/td>\n<td style=\"text-align: right; width: 5.10256%;\" align=\"left\">\n<h6>0,25<\/h6>\n<\/td>\n<\/tr>\n<tr>\n<td style=\"width: 15.4919%;\">\n<h6><strong>ALL IN Asset Management in %<br \/>\n                        <\/strong>no transaction fees<\/h6>\n<\/td>\n<td style=\"text-align: right; width: 4.73812%;\">\n<h6>0<\/h6>\n<\/td>\n<td style=\"text-align: right; width: 6.21402%;\">\n<h6>N\/A<\/h6>\n<\/td>\n<td style=\"text-align: right; width: 5.9984%;\">\n<h6>ab 1,0<\/h6>\n<\/td>\n<td style=\"text-align: right; width: 6.08569%;\">\n<h6>ab 1,0<\/h6>\n<\/td>\n<td style=\"text-align: right; width: 6.91814%;\">\n<h6>ab 1,0<\/h6>\n<\/td>\n<td style=\"text-align: right; width: 6.98415%;\">\n<h6>ab 1,0<\/h6>\n<\/td>\n<td style=\"text-align: right; width: 6.87022%;\">\n<h6>ab 1,0<\/h6>\n<\/td>\n<td style=\"text-align: right; width: 6.67297%;\">\n<h6>ab 1,0<\/h6>\n<\/td>\n<td style=\"text-align: right; width: 6.52798%;\">\n<h6>ab 1,0<\/h6>\n<\/td>\n<td style=\"text-align: right; width: 6.4554%;\">\n<h6>ab 1,0<\/h6>\n<\/td>\n<td style=\"text-align: right; width: 6.54797%;\">\n<h6>ab 1,0<\/h6>\n<\/td>\n<td style=\"text-align: right; width: 4.85899%;\">\n<h6>ab 1,0<\/h6>\n<\/td>\n<td style=\"text-align: right; width: 5.10256%;\">\n<h6>ab 1,0<\/h6>\n<\/td>\n<\/tr>\n<tr>\n<td style=\"width: 15.4919%;\" align=\"left\">\n<h6><strong>Cost per transaction single trade \u20ac<\/strong><\/h6>\n<\/td>\n<td style=\"text-align: right; width: 4.73812%;\" align=\"left\">\n<h6>0<\/h6>\n<\/td>\n<td style=\"text-align: right; width: 6.21402%;\" align=\"left\">\n<h6>0<\/h6>\n<\/td>\n<td style=\"text-align: right; width: 5.9984%;\" align=\"left\">\n<h6>0<\/h6>\n<\/td>\n<td style=\"text-align: right; width: 6.08569%;\" align=\"left\">\n<h6>0<\/h6>\n<\/td>\n<td style=\"text-align: right; width: 6.91814%;\" align=\"left\">\n<h6>0<\/h6>\n<\/td>\n<td style=\"text-align: right; width: 6.98415%;\" align=\"left\">\n<h6>0<\/h6>\n<\/td>\n<td style=\"text-align: right; width: 6.87022%;\" align=\"left\">\n<h6>0<\/h6>\n<\/td>\n<td style=\"text-align: right; width: 6.67297%;\" align=\"left\">\n<h6>0<\/h6>\n<\/td>\n<td style=\"text-align: right; width: 6.52798%;\">\n<h6>0<\/h6>\n<\/td>\n<td style=\"text-align: right; width: 6.4554%;\">\n<h6>0<\/h6>\n<\/td>\n<td style=\"text-align: right; width: 6.54797%;\">\n<h6>0<\/h6>\n<\/td>\n<td style=\"text-align: right; width: 4.85899%;\" align=\"left\">\n<h6>0<\/h6>\n<\/td>\n<td style=\"text-align: right; width: 5.10256%;\" align=\"left\">\n<h6>0<\/h6>\n<\/td>\n<\/tr>\n<tr>\n<td style=\"width: 15.4919%;\" align=\"left\">\n<h6><strong>profit sharing in %<\/strong><\/h6>\n<\/td>\n<td style=\"text-align: right; width: 4.73812%;\" align=\"left\">\n<h6>10<\/h6>\n<\/td>\n<td style=\"text-align: right; width: 6.21402%;\" align=\"left\">\n<h6>20<\/h6>\n<\/td>\n<td style=\"text-align: right; width: 5.9984%;\" align=\"left\">\n<h6>10<\/h6>\n<\/td>\n<td style=\"text-align: right; width: 6.08569%;\" align=\"left\">\n<h6>10<\/h6>\n<\/td>\n<td style=\"text-align: right; width: 6.91814%;\" align=\"left\">\n<h6>10<\/h6>\n<\/td>\n<td style=\"text-align: right; width: 6.98415%;\" align=\"left\">\n<h6>10<\/h6>\n<\/td>\n<td style=\"text-align: right; width: 6.87022%;\" align=\"left\">\n<h6>10<\/h6>\n<\/td>\n<td style=\"text-align: right; width: 6.67297%;\" align=\"left\">\n<h6>10<\/h6>\n<\/td>\n<td style=\"text-align: right; width: 6.52798%;\">\n<h6>10<\/h6>\n<\/td>\n<td style=\"text-align: right; width: 6.4554%;\">\n<h6>10<\/h6>\n<\/td>\n<td style=\"text-align: right; width: 6.54797%;\">\n<h6>10<\/h6>\n<\/td>\n<td style=\"text-align: right; width: 4.85899%;\" align=\"left\">\n<h6>15<\/h6>\n<\/td>\n<td style=\"text-align: right; width: 5.10256%;\" align=\"left\">\n<h6>10<\/h6>\n<\/td>\n<\/tr>\n<tr>\n<td style=\"width: 15.4919%;\" align=\"left\">\n<h6><strong>leverage cost Libor +1% (-0,22%) in %<\/strong><\/h6>\n<\/td>\n<td style=\"text-align: right; width: 4.73812%;\" align=\"left\">\n<h6>min. 1%<\/h6>\n<\/td>\n<td style=\"text-align: right; width: 6.21402%;\" align=\"left\">\n<h6>N\/A<\/h6>\n<\/td>\n<td style=\"text-align: right; width: 5.9984%;\" align=\"left\">\n<h6>min. 1%<\/h6>\n<\/td>\n<td style=\"text-align: right; width: 6.08569%;\" align=\"left\">\n<h6>min. 1%<\/h6>\n<\/td>\n<td style=\"text-align: right; width: 6.91814%;\" align=\"left\">\n<h6>min. 1%<\/h6>\n<\/td>\n<td style=\"text-align: right; width: 6.98415%;\" align=\"left\">\n<h6>min. 1%<\/h6>\n<\/td>\n<td style=\"text-align: right; width: 6.87022%;\" align=\"left\">\n<h6>min. 1%<\/h6>\n<\/td>\n<td style=\"text-align: right; width: 6.67297%;\" align=\"left\">\n<h6>min. 1%<\/h6>\n<\/td>\n<td style=\"text-align: right; width: 6.52798%;\">\n<h6>min. 1%<\/h6>\n<\/td>\n<td style=\"text-align: right; width: 6.4554%;\">\n<h6>min. 1%<\/h6>\n<\/td>\n<td style=\"text-align: right; width: 6.54797%;\">\n<h6>min. 1%<\/h6>\n<\/td>\n<td style=\"text-align: right; width: 4.85899%;\" align=\"left\">\n<h6>min. 1%<\/h6>\n<\/td>\n<td style=\"text-align: right; width: 5.10256%;\" align=\"left\">\n<h6>min. 1%<\/h6>\n<\/td>\n<\/tr>\n<tr>\n<td style=\"width: 15.4919%;\">\n<h6><strong>Third Party Transaction Fee Single Trade in \u20ac Custodian<\/strong><\/h6>\n<\/td>\n<td style=\"text-align: right; width: 4.73812%;\">\n<h6>&#8211;<\/h6>\n<\/td>\n<td style=\"text-align: right; width: 6.21402%;\">\n<h6>8,5 plus ruilkosten<\/h6>\n<\/td>\n<td style=\"text-align: right; width: 5.9984%;\">\n<h6>&#8211;<\/h6>\n<\/td>\n<td style=\"text-align: right; width: 6.08569%;\">\n<h6>&#8211;<\/h6>\n<\/td>\n<td style=\"text-align: right; width: 6.91814%;\">\n<h6>&#8211;<\/h6>\n<\/td>\n<td style=\"text-align: right; width: 6.98415%;\">\n<h6>&#8211;<\/h6>\n<\/td>\n<td style=\"text-align: right; width: 6.87022%;\">\n<h6>&#8211;<\/h6>\n<\/td>\n<td style=\"text-align: right; width: 6.67297%;\">\n<h6>&#8211;<\/h6>\n<\/td>\n<td style=\"text-align: right; width: 6.52798%;\">\n<h6>&#8211;<\/h6>\n<\/td>\n<td style=\"text-align: right; width: 6.4554%;\">\n<h6>&#8211;<\/h6>\n<\/td>\n<td style=\"text-align: right; width: 6.54797%;\">\n<h6>&#8211;<\/h6>\n<\/td>\n<td style=\"text-align: right; width: 4.85899%;\">\n<h6>&#8211;<\/h6>\n<\/td>\n<td style=\"text-align: right; width: 5.10256%;\">\n<h6>&#8211;<\/h6>\n<\/td>\n<\/tr>\n<\/tbody>\n<\/table>\n<\/div>\n<div class=\"fusion-clearfix\"><\/div><\/div><\/div><\/div><\/div><\/p>\n","protected":false},"excerpt":{"rendered":"","protected":false},"author":10,"featured_media":0,"parent":0,"menu_order":0,"comment_status":"closed","ping_status":"closed","template":"100-width.php","meta":{"_acf_changed":false,"pmpro_default_level":"","footnotes":""},"class_list":["post-15587","page","type-page","status-publish","hentry","pmpro-has-access"],"acf":[],"yoast_head":"<!-- This site is optimized with the Yoast SEO plugin v27.1.1 - https:\/\/yoast.com\/product\/yoast-seo-wordpress\/ -->\n<title>Fees - ICM InvestmentBank AG<\/title>\n<meta name=\"robots\" content=\"index, follow, max-snippet:-1, max-image-preview:large, max-video-preview:-1\" \/>\n<link rel=\"canonical\" href=\"https:\/\/i-c-m.de\/en\/fees\/\" \/>\n<meta property=\"og:locale\" content=\"en_US\" \/>\n<meta property=\"og:type\" content=\"article\" \/>\n<meta property=\"og:title\" content=\"Fees - ICM InvestmentBank AG\" \/>\n<meta property=\"og:url\" content=\"https:\/\/i-c-m.de\/en\/fees\/\" \/>\n<meta property=\"og:site_name\" content=\"ICM InvestmentBank AG\" \/>\n<meta property=\"article:modified_time\" content=\"2019-08-13T11:25:31+00:00\" \/>\n<meta name=\"twitter:card\" content=\"summary_large_image\" \/>\n<meta name=\"twitter:label1\" content=\"Est. reading time\" \/>\n\t<meta name=\"twitter:data1\" content=\"5 minutes\" \/>\n<script type=\"application\/ld+json\" class=\"yoast-schema-graph\">{\"@context\":\"https:\/\/schema.org\",\"@graph\":[{\"@type\":\"WebPage\",\"@id\":\"https:\/\/i-c-m.de\/en\/fees\/\",\"url\":\"https:\/\/i-c-m.de\/en\/fees\/\",\"name\":\"Fees - ICM InvestmentBank AG\",\"isPartOf\":{\"@id\":\"https:\/\/i-c-m.de\/#website\"},\"datePublished\":\"2017-12-19T12:08:26+00:00\",\"dateModified\":\"2019-08-13T11:25:31+00:00\",\"breadcrumb\":{\"@id\":\"https:\/\/i-c-m.de\/en\/fees\/#breadcrumb\"},\"inLanguage\":\"en-US\",\"potentialAction\":[{\"@type\":\"ReadAction\",\"target\":[\"https:\/\/i-c-m.de\/en\/fees\/\"]}]},{\"@type\":\"BreadcrumbList\",\"@id\":\"https:\/\/i-c-m.de\/en\/fees\/#breadcrumb\",\"itemListElement\":[{\"@type\":\"ListItem\",\"position\":1,\"name\":\"Startseite\",\"item\":\"https:\/\/i-c-m.de\/en\/\"},{\"@type\":\"ListItem\",\"position\":2,\"name\":\"Fees\"}]},{\"@type\":\"WebSite\",\"@id\":\"https:\/\/i-c-m.de\/#website\",\"url\":\"https:\/\/i-c-m.de\/\",\"name\":\"ICM InvestmentBank AG\",\"description\":\"Unsere Expertise und Ihr Verm\u00f6gen.\",\"potentialAction\":[{\"@type\":\"SearchAction\",\"target\":{\"@type\":\"EntryPoint\",\"urlTemplate\":\"https:\/\/i-c-m.de\/?s={search_term_string}\"},\"query-input\":{\"@type\":\"PropertyValueSpecification\",\"valueRequired\":true,\"valueName\":\"search_term_string\"}}],\"inLanguage\":\"en-US\"}]}<\/script>\n<!-- \/ Yoast SEO plugin. -->","yoast_head_json":{"title":"Fees - ICM InvestmentBank AG","robots":{"index":"index","follow":"follow","max-snippet":"max-snippet:-1","max-image-preview":"max-image-preview:large","max-video-preview":"max-video-preview:-1"},"canonical":"https:\/\/i-c-m.de\/en\/fees\/","og_locale":"en_US","og_type":"article","og_title":"Fees - ICM InvestmentBank AG","og_url":"https:\/\/i-c-m.de\/en\/fees\/","og_site_name":"ICM InvestmentBank AG","article_modified_time":"2019-08-13T11:25:31+00:00","twitter_card":"summary_large_image","twitter_misc":{"Est. reading time":"5 minutes"},"schema":{"@context":"https:\/\/schema.org","@graph":[{"@type":"WebPage","@id":"https:\/\/i-c-m.de\/en\/fees\/","url":"https:\/\/i-c-m.de\/en\/fees\/","name":"Fees - ICM InvestmentBank AG","isPartOf":{"@id":"https:\/\/i-c-m.de\/#website"},"datePublished":"2017-12-19T12:08:26+00:00","dateModified":"2019-08-13T11:25:31+00:00","breadcrumb":{"@id":"https:\/\/i-c-m.de\/en\/fees\/#breadcrumb"},"inLanguage":"en-US","potentialAction":[{"@type":"ReadAction","target":["https:\/\/i-c-m.de\/en\/fees\/"]}]},{"@type":"BreadcrumbList","@id":"https:\/\/i-c-m.de\/en\/fees\/#breadcrumb","itemListElement":[{"@type":"ListItem","position":1,"name":"Startseite","item":"https:\/\/i-c-m.de\/en\/"},{"@type":"ListItem","position":2,"name":"Fees"}]},{"@type":"WebSite","@id":"https:\/\/i-c-m.de\/#website","url":"https:\/\/i-c-m.de\/","name":"ICM InvestmentBank AG","description":"Unsere Expertise und Ihr Verm\u00f6gen.","potentialAction":[{"@type":"SearchAction","target":{"@type":"EntryPoint","urlTemplate":"https:\/\/i-c-m.de\/?s={search_term_string}"},"query-input":{"@type":"PropertyValueSpecification","valueRequired":true,"valueName":"search_term_string"}}],"inLanguage":"en-US"}]}},"_links":{"self":[{"href":"https:\/\/i-c-m.de\/en\/wp-json\/wp\/v2\/pages\/15587","targetHints":{"allow":["GET"]}}],"collection":[{"href":"https:\/\/i-c-m.de\/en\/wp-json\/wp\/v2\/pages"}],"about":[{"href":"https:\/\/i-c-m.de\/en\/wp-json\/wp\/v2\/types\/page"}],"author":[{"embeddable":true,"href":"https:\/\/i-c-m.de\/en\/wp-json\/wp\/v2\/users\/10"}],"replies":[{"embeddable":true,"href":"https:\/\/i-c-m.de\/en\/wp-json\/wp\/v2\/comments?post=15587"}],"version-history":[{"count":0,"href":"https:\/\/i-c-m.de\/en\/wp-json\/wp\/v2\/pages\/15587\/revisions"}],"wp:attachment":[{"href":"https:\/\/i-c-m.de\/en\/wp-json\/wp\/v2\/media?parent=15587"}],"curies":[{"name":"wp","href":"https:\/\/api.w.org\/{rel}","templated":true}]}}